{"id":450,"date":"2011-03-26T15:19:28","date_gmt":"2011-03-26T15:19:28","guid":{"rendered":"http:\/\/www.aegeebilbao.org\/?page_id=450"},"modified":"2016-11-07T17:28:09","modified_gmt":"2016-11-07T17:28:09","slug":"survival-dictionary-2","status":"publish","type":"page","link":"https:\/\/www.locals.aegee.org\/bilbao\/survival-dictionary-2\/","title":{"rendered":"Survival&#8217;s Dictionary \/ Diccionario de supervivencia"},"content":{"rendered":"<p>Here you have the Necesary Knowledge for you first days in Bilbao<\/p>\n<p>\u00a1\u00a1Aqu\u00ed tienes las palabras imprescindibles para tus primero d\u00edas e Bilbao!!<\/p>\n<table border=\"1\" width=\"600\" cellpadding=\"0\">\n<tbody>\n<tr>\n<td width=\"178\"><strong>English<\/strong><\/td>\n<td width=\"211\"><strong>Castellano<\/strong><\/td>\n<td valign=\"top\" width=\"204\"><strong>Euskera<\/strong><\/td>\n<\/tr>\n<tr>\n<td width=\"178\">Yes<\/td>\n<td width=\"211\">S\u00ed<\/td>\n<td valign=\"top\" width=\"204\">Bai<\/td>\n<\/tr>\n<tr>\n<td width=\"178\">No<\/td>\n<td width=\"211\">No<\/td>\n<td valign=\"top\" width=\"204\">Ez<\/td>\n<\/tr>\n<tr>\n<td width=\"178\">Please<\/td>\n<td width=\"211\">Por favor<\/td>\n<td valign=\"top\" width=\"204\">Mesedez<\/td>\n<\/tr>\n<tr>\n<td width=\"178\">Thank you<\/td>\n<td width=\"211\">Gracias<\/td>\n<td valign=\"top\" width=\"204\">Eskerrik asko<\/td>\n<\/tr>\n<tr>\n<td width=\"178\">Not at all<\/td>\n<td width=\"211\">De nada<\/td>\n<td valign=\"top\" width=\"204\">Ez dago zergatik<\/td>\n<\/tr>\n<tr>\n<td width=\"178\">I&#8217;m sorry<\/td>\n<td width=\"211\">Lo siento<\/td>\n<td valign=\"top\" width=\"204\">Parkatu<\/td>\n<\/tr>\n<tr>\n<td width=\"178\">Hello<\/td>\n<td width=\"211\">Hola<\/td>\n<td valign=\"top\" width=\"204\">Kaixo, Aupa<\/td>\n<\/tr>\n<tr>\n<td width=\"178\">Goodbye<\/td>\n<td width=\"211\">Adi\u00f3s<\/td>\n<td valign=\"top\" width=\"204\">Agur<\/td>\n<\/tr>\n<tr>\n<td width=\"178\">See you later<\/td>\n<td width=\"211\">Hasta luego<\/td>\n<td valign=\"top\" width=\"204\">Laster arte<\/td>\n<\/tr>\n<tr>\n<td width=\"178\">Good morning<\/td>\n<td width=\"211\">Buenos d\u00edas<\/td>\n<td valign=\"top\" width=\"204\">Egun on<\/td>\n<\/tr>\n<tr>\n<td width=\"178\">Good night<\/td>\n<td width=\"211\">Buenas noches<\/td>\n<td valign=\"top\" width=\"204\">Gabon<\/td>\n<\/tr>\n<tr>\n<td width=\"178\">Today<\/td>\n<td width=\"211\">Hoy<\/td>\n<td valign=\"top\" width=\"204\">Gaur<\/td>\n<\/tr>\n<tr>\n<td width=\"178\">Tomorrow<\/td>\n<td width=\"211\">Ma\u00f1ana<\/td>\n<td valign=\"top\" width=\"204\">Bihar<\/td>\n<\/tr>\n<tr>\n<td width=\"178\">Yesterday<\/td>\n<td width=\"211\">Ayer<\/td>\n<td valign=\"top\" width=\"204\">Atzo<\/td>\n<\/tr>\n<tr>\n<td width=\"178\">Breakfast<\/td>\n<td width=\"211\">Desayuno<\/td>\n<td valign=\"top\" width=\"204\">Gosaria<\/td>\n<\/tr>\n<tr>\n<td width=\"178\">Lunch<\/td>\n<td width=\"211\">Comida<\/td>\n<td valign=\"top\" width=\"204\">Baskaria<\/td>\n<\/tr>\n<tr>\n<td width=\"178\">Dinner<\/td>\n<td width=\"211\">Cena<\/td>\n<td valign=\"top\" width=\"204\">Afaria<\/td>\n<\/tr>\n<tr>\n<td width=\"178\">Cheers!<\/td>\n<td width=\"211\">\u00a1Salud!<\/td>\n<td valign=\"top\" width=\"204\">Topa!<\/td>\n<\/tr>\n<tr>\n<td width=\"178\">How are you?<\/td>\n<td width=\"211\">\u00bfC\u00f3mo est\u00e1s?<\/td>\n<td valign=\"top\" width=\"204\">Zer moduz?<\/td>\n<\/tr>\n<tr>\n<td width=\"178\">I don&#8217;t understand<\/td>\n<td width=\"211\">No entiendo<\/td>\n<td valign=\"top\" width=\"204\">Ez dut ulertzen<\/td>\n<\/tr>\n<tr>\n<td width=\"178\">What a beautiful girl\/boy!<\/td>\n<td width=\"211\">\u00a1Qu\u00e9 chica\/chico m\u00e1s guapa\/o!<\/td>\n<td valign=\"top\" width=\"204\">Hau neska\/mutil polita!<\/td>\n<\/tr>\n<tr>\n<td width=\"178\">I love you<\/td>\n<td width=\"211\">Te quiero<\/td>\n<td valign=\"top\" width=\"204\">Maite zitut<\/td>\n<\/tr>\n<tr>\n<td width=\"178\">1 to 10<\/td>\n<td width=\"211\">Uno, dos, tres, cuatro, cinco,<br \/>\nseis, siete, ocho, nueve, diez<\/td>\n<td valign=\"top\" width=\"204\">Bat, bi, hiru, lau, bost, sei, zazpi, zortzi, bederatzi, hamar<\/td>\n<\/tr>\n<\/tbody>\n<\/table>\n<p>&nbsp;<\/p>\n<p>&nbsp;<\/p>\n","protected":false},"excerpt":{"rendered":"<p class=\"excerpt\">Here you have the Necesary Knowledge for you first days in Bilbao \u00a1\u00a1Aqu\u00ed tienes las palabras imprescindibles para tus primero d\u00edas e Bilbao!! English Castellano Euskera Yes S\u00ed Bai No No Ez Please Por favor Mesedez Thank you Gracias Eskerrik asko Not at all De nada Ez dago zergatik I&#8217;m sorry Lo siento Parkatu Hello Hola Kaixo, Aupa Goodbye Adi\u00f3s&hellip; <a href=\"https:\/\/www.locals.aegee.org\/bilbao\/survival-dictionary-2\/\">Read more &rarr;<\/a><\/p>\n","protected":false},"author":1,"featured_media":0,"parent":0,"menu_order":6,"comment_status":"open","ping_status":"closed","template":"","meta":{"footnotes":""},"class_list":["post-450","page","type-page","status-publish","hentry","xfolkentry"],"_links":{"self":[{"href":"https:\/\/www.locals.aegee.org\/bilbao\/wp-json\/wp\/v2\/pages\/450","targetHints":{"allow":["GET"]}}],"collection":[{"href":"https:\/\/www.locals.aegee.org\/bilbao\/wp-json\/wp\/v2\/pages"}],"about":[{"href":"https:\/\/www.locals.aegee.org\/bilbao\/wp-json\/wp\/v2\/types\/page"}],"author":[{"embeddable":true,"href":"https:\/\/www.locals.aegee.org\/bilbao\/wp-json\/wp\/v2\/users\/1"}],"replies":[{"embeddable":true,"href":"https:\/\/www.locals.aegee.org\/bilbao\/wp-json\/wp\/v2\/comments?post=450"}],"version-history":[{"count":3,"href":"https:\/\/www.locals.aegee.org\/bilbao\/wp-json\/wp\/v2\/pages\/450\/revisions"}],"predecessor-version":[{"id":3359,"href":"https:\/\/www.locals.aegee.org\/bilbao\/wp-json\/wp\/v2\/pages\/450\/revisions\/3359"}],"wp:attachment":[{"href":"https:\/\/www.locals.aegee.org\/bilbao\/wp-json\/wp\/v2\/media?parent=450"}],"curies":[{"name":"wp","href":"https:\/\/api.w.org\/{rel}","templated":true}]}}