{"id":2756,"date":"2016-02-04T18:10:23","date_gmt":"2016-02-04T18:10:23","guid":{"rendered":"http:\/\/www.aegeebilbao.org\/?page_id=2756"},"modified":"2019-02-18T09:34:04","modified_gmt":"2019-02-18T09:34:04","slug":"tipos-de-eventos","status":"publish","type":"page","link":"https:\/\/www.locals.aegee.org\/bilbao\/menu-eventos-2\/tipos-de-eventos\/","title":{"rendered":"Tipos de eventos"},"content":{"rendered":"<p style=\"text-align: justify;\">Anteriormente, <a href=\"http:\/\/aegeebilbao.org\/?page_id=2754\">en est\u00e1 p\u00e1gina<\/a>, hemos explicado que son los eventos. Sin embargo, como vas a poder observar existen distintos tipos\u00a0de eventos, d\u00e1ndote la oportunidad de poder elegir en funci\u00f3n de tus propios intereses, disponibilidad\u2026<\/p>\n<h3 style=\"text-align: justify;\">EVENTOS FORMATIVOS<\/h3>\n<p style=\"text-align: justify; padding-left: 30px;\"><strong>AGORA:<\/strong>\u00a0Es la asamblea general de AEGEE-Europa, es decir, el momento en donde se reunen los delegados de todas las sedes para tomar decisiones que afectan a toda la asociaci\u00f3n: elecciones, votaciones de equipos de trabajo, cambio de reglas de la asociaci\u00f3n, etc. En los AGORA se juntan cerca de 1000 socios de AEGEE, lo que hace de ellos una experiencia vital.<\/p>\n<p style=\"text-align: justify; padding-left: 30px;\"><strong>European Planning\u00a0Meeting (EPM):<\/strong>\u00a0Reuni\u00f3n de todos los socios de AEGEE interesados en planificar el trabajo de la asociaci\u00f3n para el siguiente a\u00f1o (desde proponer nuevos focus areas hasta realizar el nuevo strategic plan) y, sobre todo, para el siguiente AGORA.<\/p>\n<p style=\"text-align: justify; padding-left: 30px;\"><strong>Network Meeting (NWM):<\/strong>\u00a0Consiste en una reuni\u00f3n de todas las antennas de AEGEE de una misma zona (en nuestro caso Espa\u00f1a, Francia, Portugal y Bruselas, aunque tambi\u00e9n esta abierto a participantes externos) en los que se discuten temas que afectan a todos, se debaten ideas para las asambleas futuras o se analizan los resultados de las asambleas pasadas. Adem\u00e1s, siempre se hacen workshops y actividades \u201cteambuilding\u201d.<\/p>\n<p style=\"text-align: justify; padding-left: 30px;\"><strong>Local Training Course (LTC):<\/strong>\u00a0Este tipo de evento te da la oportunidad de aprender cosas b\u00e1sicas de AEGEE y c\u00f3mo trabajar en tu antenna. Organizados dentro de cada antenna aunque pueden tener formadores externos.<\/p>\n<p style=\"text-align: justify; padding-left: 30px;\"><strong>European School<\/strong>: Son cursos de formaci\u00f3n interna de AEGEE a nivel europeo, organizados por la AEGEE-Academy. Las hay de diferentes niveles y tem\u00e1ticas (IT, preparaci\u00f3n de SU, Fund Raising, Human Resources,\u2026)<\/p>\n<p style=\"text-align: justify; padding-left: 30px;\">Pod\u00e9is estar tranquilos tranquilos. Estos eventos no parecen tan serios como parecen. Es decir, no se centran en nada acad\u00e9mico, nada de clases ni de libros. Este tipo de eventos tienen como objetivo conocer y mejorar el funcionamiento de AEGEE.<\/p>\n<h3 style=\"text-align: justify;\">EVENTOS DE OCIO Y DIVERSI\u00d3N:<\/h3>\n<p style=\"text-align: justify; padding-left: 30px;\">Estos eventos como pod\u00e9is imaginar son m\u00e1s distintos a los explicados anteriormente. Son especialmente dise\u00f1ados para divertirte y m\u00e1s relajados, con el prop\u00f3sito de hacer much\u00edsimos amigos y pasar unos d\u00edas inolvidables en cualquier rinc\u00f3n de Europa.<\/p>\n<p style=\"text-align: justify; padding-left: 30px;\">Nochevieja en Malta, Maribor o Bratislava, ruta de bicicleta de Alemania a Holanda para gente deportista, Carnavales en Venecia o en Pisa, celebrar el San Porque S\u00ed (Madrid) o esquiar en la Rep\u00fablica Checa\u2026 son algunos de los ejemplos.<\/p>\n<h3 style=\"text-align: justify;\">EVENTOS TEM\u00c1TICOS:<\/h3>\n<p style=\"text-align: justify; padding-left: 30px;\">Dentro de los eventos de Ocio y diversi\u00f3n, podemos distinguir a los hay tem\u00e1ticos: Pueden ser desde cursos de fotograf\u00eda en Amsterdam, cultura urbana en Cracovia, baile en Mosc\u00fa o hasta incluso un curso de cocina en Italia. Como se puede ver, a\u00fan se desconoce el l\u00edmite de la variedad de la tem\u00e1tica de estos evento. Todo esto se debe a la gran imaginaci\u00f3n de los propios organizadores.<\/p>\n<h3 style=\"text-align: justify;\">SEG\u00daN LA ESCALA TERRITORIAL:<\/h3>\n<p style=\"text-align: justify; padding-left: 30px;\"><strong>Evento Local<\/strong><strong>:<\/strong>\u00a0Se trata de eventos organizados por los socios de una antenna en cuesti\u00f3n. Puede ser para ellos mismo, es decir para los socios de su antenna o para las personas de su ciudad. Pueden ser de todo tipo: tem\u00e1ticos, de ocio o de formaci\u00f3n. De este modo, se puede decir que exiten algunos que tienen una organizaci\u00f3n m\u00e1s formal (para aprender acerca de AEGEE) y otros son informales (Rutas de Tapas, viajes por la regi\u00f3n, fiestas, reuniones,..)<\/p>\n<p style=\"text-align: justify; padding-left: 30px;\"><strong>Evento regional<\/strong><strong>:<\/strong>\u00a0Como hemos explicado anteriormente, AEGEE no tiene nivel nacional. Es decir, no existe AEGEE-Espa\u00f1a o AEGEE-Francia en s\u00ed. Se agrupa a las distintas antennas para un mejor funcionamiento por regiones, las cuales son llamadas Networks. Adem\u00e1s de esto, estas existe un grupo de un m\u00e1ximo de 11 personas, llamado el Network Comission, que gestiona y organiza cualquier tipo de cosa en cada regi\u00f3n.<\/p>\n<p style=\"text-align: justify; padding-left: 30px;\"><strong>Evento Europeo<\/strong><strong>:<\/strong>\u00a0Estos son eventos que est\u00e1n abiertos a todos los participantes de toda Europa. Adem\u00e1s de esto, como en los anteriores, podemos encontrar\u00a0cualquier tipo de evento d\u00e1ndonos la oportunidad de poder disfrutar viajando y conociendo gente de todo el continente.<em><br \/>\n<\/em><\/p>\n<hr \/>\n<p style=\"text-align: justify;\"><strong>AYUDA:\u00a0<\/strong>Para m\u00e1s informaci\u00f3n pinche en:<a href=\"https:\/\/site.aegee.org\/events\/\" target=\"_blank\">\u00a0http:\/\/www.aegee.org\/events\/<\/a><\/p>\n","protected":false},"excerpt":{"rendered":"<p class=\"excerpt\">Anteriormente, en est\u00e1 p\u00e1gina, hemos explicado que son los eventos. Sin embargo, como vas a poder observar existen distintos tipos\u00a0de eventos, d\u00e1ndote la oportunidad de poder elegir en funci\u00f3n de tus propios intereses, disponibilidad\u2026 EVENTOS FORMATIVOS AGORA:\u00a0Es la asamblea general de AEGEE-Europa, es decir, el momento en donde se reunen los delegados de todas las sedes para tomar decisiones que&hellip; <a href=\"https:\/\/www.locals.aegee.org\/bilbao\/menu-eventos-2\/tipos-de-eventos\/\">Read more &rarr;<\/a><\/p>\n","protected":false},"author":1,"featured_media":0,"parent":3211,"menu_order":0,"comment_status":"closed","ping_status":"closed","template":"","meta":{"footnotes":""},"class_list":["post-2756","page","type-page","status-publish","hentry","xfolkentry"],"_links":{"self":[{"href":"https:\/\/www.locals.aegee.org\/bilbao\/wp-json\/wp\/v2\/pages\/2756","targetHints":{"allow":["GET"]}}],"collection":[{"href":"https:\/\/www.locals.aegee.org\/bilbao\/wp-json\/wp\/v2\/pages"}],"about":[{"href":"https:\/\/www.locals.aegee.org\/bilbao\/wp-json\/wp\/v2\/types\/page"}],"author":[{"embeddable":true,"href":"https:\/\/www.locals.aegee.org\/bilbao\/wp-json\/wp\/v2\/users\/1"}],"replies":[{"embeddable":true,"href":"https:\/\/www.locals.aegee.org\/bilbao\/wp-json\/wp\/v2\/comments?post=2756"}],"version-history":[{"count":3,"href":"https:\/\/www.locals.aegee.org\/bilbao\/wp-json\/wp\/v2\/pages\/2756\/revisions"}],"predecessor-version":[{"id":3743,"href":"https:\/\/www.locals.aegee.org\/bilbao\/wp-json\/wp\/v2\/pages\/2756\/revisions\/3743"}],"up":[{"embeddable":true,"href":"https:\/\/www.locals.aegee.org\/bilbao\/wp-json\/wp\/v2\/pages\/3211"}],"wp:attachment":[{"href":"https:\/\/www.locals.aegee.org\/bilbao\/wp-json\/wp\/v2\/media?parent=2756"}],"curies":[{"name":"wp","href":"https:\/\/api.w.org\/{rel}","templated":true}]}}