{"id":2754,"date":"2016-02-04T18:09:58","date_gmt":"2016-02-04T18:09:58","guid":{"rendered":"http:\/\/www.aegeebilbao.org\/?page_id=2754"},"modified":"2018-02-05T09:15:09","modified_gmt":"2018-02-05T09:15:09","slug":"que-es-un-evento","status":"publish","type":"page","link":"https:\/\/www.locals.aegee.org\/bilbao\/menu-eventos-2\/que-es-un-evento\/","title":{"rendered":"\u00bfQu\u00e9 es un evento?"},"content":{"rendered":"<p>&nbsp;<\/p>\n<p style=\"text-align: justify;\">Los miembros de AEGEE realizan diversos eventos con el fin de poder cumplir con sus propios objetivos y con los planes de acci\u00f3n estipulados en el pertinente \u201cStrategic Plan\u201d.<\/p>\n<p style=\"text-align: justify;\">Pero m\u00e1s concretamente, <strong>\u00bfqu\u00e9 es un evento en AEGEE?<\/strong>&#8230;<\/p>\n<p style=\"text-align: justify;\">Un evento es una actividad organizada por los miembros de AEGEE. Sin embargo, esta actividad puede ser destinada bien para gente de la propia ciudad o para miembros de distintos lugares de Europa. De este modo, podemos decir que los eventos que AEGEE propone <strong>son realizados POR y PARA j\u00f3venes<\/strong> con los prop\u00f3sitos de conocer a mucha gente, la cultura de la ciudad en la que se desarrolla y muchas cosas m\u00e1s.<\/p>\n<h2 style=\"text-align: justify;\">\u00bfQu\u00e9 precios tienen?<\/h2>\n<p style=\"text-align: justify;\">La cuota (<strong>fee<\/strong>) que se paga para poder participar en un evento es<strong> indeterminada<\/strong>, ya que depende exclusivamente del evento en cuesti\u00f3n. En el precio se<strong> incluyen<\/strong> siempre:<\/p>\n<ul style=\"text-align: justify;\">\n<li>El alojamiento<\/li>\n<li>Comidas (Al menos 2)<\/li>\n<li>Actividades<\/li>\n<li>\u2026<\/li>\n<\/ul>\n<p style=\"text-align: justify;\">*Algo que no se suele incluir es el transporte hasta el lugar donde se desarrollar\u00e1 el evento.<\/p>\n<p style=\"text-align: justify;\">Sin embargo, siempre acaba siendo <strong>una fee lo m\u00e1s baja posible<\/strong> para que sea accesible al mayor n\u00famero de socios posibles.<\/p>\n<h2 style=\"text-align: justify;\">\u00bfCu\u00e1nta gente participa?<\/h2>\n<p style=\"text-align: justify;\">Hay eventos que est\u00e1 dise\u00f1ado para poquitas personas, sobre <strong>10<\/strong>-25 socios, pero incluso tambi\u00e9n hay eventos para much\u00edsimas, \u00a1\u00a1 <strong>hasta 1200<\/strong> socios!!<\/p>\n<h2 style=\"text-align: justify;\">\u00bfCu\u00e1nto tiempo puede durar?<\/h2>\n<p style=\"text-align: justify;\">Al igual que lo anterior, un evento tiene una duraci\u00f3n indeterminada ya que puede ser <strong>de 1 a 24 d\u00edas<\/strong>.<\/p>\n<h2 style=\"text-align: justify;\">\u00bfQu\u00e9 otras cosas comparten en com\u00fan los eventos de AEGEE?<\/h2>\n<ul style=\"text-align: justify;\">\n<li>Est\u00e1n <strong>organizados por socios<\/strong> de una misma antena o distintas de AEGEE.<\/li>\n<li>Los <strong>organizadores<\/strong> no cobran por llevar a cabo el evento, es decir, son <strong>voluntarios<\/strong>.<\/li>\n<li>Se promueve el <strong>intercambio cultural<\/strong> (desde personas de una misma localidad, regi\u00f3n o pa\u00eds)<\/li>\n<li>Se fomenta la actividad y contin\u00faa participaci\u00f3n para generar un<strong> buen ambiente<\/strong> en el que se construyan amistades, se incremente la diversi\u00f3n y el crecimiento personal.<\/li>\n<li>Se llevan a cabo din\u00e1micas a lo largo de todo el evento con el prop\u00f3sito de seguir la tem\u00e1tica que propone el evento en cuesti\u00f3n.<\/li>\n<li><strong>\u00a1\u00a1Y muchas cosas m\u00e1s!!<\/strong> Para poder saberlas, tendr\u00e1s que pasar a formar parte de esta gran familia, o ser m\u00e1s activo.<\/li>\n<\/ul>\n<p style=\"text-align: justify;\">Si quieres saber <strong>m\u00e1s sobre los tipos de eventos<\/strong> que hay en AEGEE, por favor pincha <a href=\"http:\/\/locals.aegee.org\/bilbao\/tipos-de-eventos\/\">aqu\u00ed<\/a>.<\/p>\n<p>&nbsp;<\/p>\n","protected":false},"excerpt":{"rendered":"<p class=\"excerpt\">&nbsp; Los miembros de AEGEE realizan diversos eventos con el fin de poder cumplir con sus propios objetivos y con los planes de acci\u00f3n estipulados en el pertinente \u201cStrategic Plan\u201d. Pero m\u00e1s concretamente, \u00bfqu\u00e9 es un evento en AEGEE?&#8230; Un evento es una actividad organizada por los miembros de AEGEE. Sin embargo, esta actividad puede ser destinada bien para gente&hellip; <a href=\"https:\/\/www.locals.aegee.org\/bilbao\/menu-eventos-2\/que-es-un-evento\/\">Read more &rarr;<\/a><\/p>\n","protected":false},"author":1,"featured_media":0,"parent":3211,"menu_order":0,"comment_status":"closed","ping_status":"closed","template":"","meta":{"footnotes":""},"class_list":["post-2754","page","type-page","status-publish","hentry","xfolkentry"],"_links":{"self":[{"href":"https:\/\/www.locals.aegee.org\/bilbao\/wp-json\/wp\/v2\/pages\/2754","targetHints":{"allow":["GET"]}}],"collection":[{"href":"https:\/\/www.locals.aegee.org\/bilbao\/wp-json\/wp\/v2\/pages"}],"about":[{"href":"https:\/\/www.locals.aegee.org\/bilbao\/wp-json\/wp\/v2\/types\/page"}],"author":[{"embeddable":true,"href":"https:\/\/www.locals.aegee.org\/bilbao\/wp-json\/wp\/v2\/users\/1"}],"replies":[{"embeddable":true,"href":"https:\/\/www.locals.aegee.org\/bilbao\/wp-json\/wp\/v2\/comments?post=2754"}],"version-history":[{"count":4,"href":"https:\/\/www.locals.aegee.org\/bilbao\/wp-json\/wp\/v2\/pages\/2754\/revisions"}],"predecessor-version":[{"id":3646,"href":"https:\/\/www.locals.aegee.org\/bilbao\/wp-json\/wp\/v2\/pages\/2754\/revisions\/3646"}],"up":[{"embeddable":true,"href":"https:\/\/www.locals.aegee.org\/bilbao\/wp-json\/wp\/v2\/pages\/3211"}],"wp:attachment":[{"href":"https:\/\/www.locals.aegee.org\/bilbao\/wp-json\/wp\/v2\/media?parent=2754"}],"curies":[{"name":"wp","href":"https:\/\/api.w.org\/{rel}","templated":true}]}}