{"id":2679,"date":"2016-02-04T02:19:39","date_gmt":"2016-02-04T02:19:39","guid":{"rendered":"http:\/\/www.aegeebilbao.org\/?page_id=2679"},"modified":"2016-09-27T14:07:32","modified_gmt":"2016-09-27T14:07:32","slug":"que-es-una-su","status":"publish","type":"page","link":"https:\/\/www.locals.aegee.org\/bilbao\/menu-summer-universities\/que-es-una-su\/","title":{"rendered":"\u00bfQu\u00e9 es una SU?"},"content":{"rendered":"<p style=\"text-align: justify;\"><img loading=\"lazy\" decoding=\"async\" class=\"aligncenter\" src=\"http:\/\/aegeevalladolid.org\/wp-content\/uploads\/2015\/04\/SUCT_2015_logoKey-of-SUmmer_withBG-darkslogan-1024x529.png\" width=\"1024\" height=\"529\" \/><\/p>\n<p style=\"text-align: justify;\">Es el <strong>proyecto m\u00e1s antiguo<\/strong> y m\u00e1s amplio a nivel europeo que AEGEE desarrolla cada a\u00f1o. Las actividades llevadas a cabo durante un rango de Universidad de verano de acad\u00e9mico, tales como clases para aprender un idioma extranjero, diversos cursos en temas t\u00e9cnicos a actividades multiculturales: familiarizarse con la cultura, historia, Mitolog\u00eda griega; aprender a navegar, asistir a un curso de fotograf\u00eda en Turqu\u00eda o caminata en el bosque polaco, etc.. Adem\u00e1s, cada verano la Universidad sigue un tema concreto a trav\u00e9s de su duraci\u00f3n que puede ser relacionados con la integraci\u00f3n europea, pol\u00edtica internacional, ciudadan\u00eda activa, educaci\u00f3n, cultura, paz, Desarrollo Personal y muchos m\u00e1s. En una <strong>Summer University<\/strong> \u00a0se tiene la oportunidad de probar alimentos para diferentes gustos, escuchar m\u00fasica diferente y a ser buenos amigos con personas de diferentes pa\u00edses y luego organizar viajes juntos, aprender a decir \u00abHola\u00bb en otros 20 idiomas, te sentir\u00e1s libre \u2026 haces cosas que no habr\u00edas imaginado&#8230;<\/p>\n<p style=\"text-align: justify;\">El precio medio para participar en una SU son 180\u20ac (2 semanas) y esto incluye: alojamiento, dos comidas diarias y la mayor\u00eda de las actividades programadas.<\/p>\n<h3 style=\"text-align: justify;\">Descripci\u00f3n General:<\/h3>\n<p style=\"text-align: justify; padding-left: 30px;\">Consiste en un intercambio cultural a nivel europeo que transcurre durante el verano, en el que cada sede de la asociaci\u00f3n recibe entre 20 y 50 estudiantes del mayor n\u00famero posible de pa\u00edses, representando un n\u00famero heterog\u00e9neo de nacionalidad, sexo, edad y cultura, y a su vez env\u00eda el m\u00e1ximo n\u00famero posible de estudiantes locales al resto de sedes europeas. Actualmente es el proyecto voluntario de movilidad m\u00e1s grande de Europa.<\/p>\n<h3 style=\"text-align: justify;\">Objetivos:<\/h3>\n<p style=\"text-align: justify; padding-left: 30px;\">El prop\u00f3sito fundamental es abrir una nueva perspectiva a los participantes acerca de la dimensi\u00f3n multicultural del continente Europeo. Adem\u00e1s el proyecto promueve el entendimiento entre los estudiantes europeos, tratando de evadir las fronteras nacionales para crear una conciencia europea.<\/p>\n<h3 style=\"text-align: justify;\">Programa y tipos de SU:<\/h3>\n<p style=\"text-align: justify; padding-left: 30px;\">Los cursos de las Universidades de Verano tienes tem\u00e1ticas muy diversas, van desde actividades acad\u00e9micas como pueden ser las clases de idiomas, hasta cursos de educaci\u00f3n multicultural: acercarse a la cultura de Finlandia, aprender castellano en Valencia o alem\u00e1n en Berl\u00edn, mitolog\u00eda griega, un curso de fotograf\u00eda en Turqu\u00eda, deportes de aventura en Polonia o en Oviedo son algunos de los ejemplos.<\/p>\n<p style=\"text-align: justify; padding-left: 30px;\">Existen distintos tipos de Summer Universities:<\/p>\n<ul style=\"text-align: justify;\">\n<li>LC: Language Course: normalmente 2 o 3 horas de clases de lengua diarias.<\/li>\n<\/ul>\n<ul style=\"text-align: justify;\">\n<li>LC+: Un curso de idiomas m\u00e1s intensivo, con unas 5 horas de clase y profesores\u00a0 profesionales.<\/li>\n<\/ul>\n<ul style=\"text-align: justify;\">\n<li>SC: Summer Course. El curso tiene una tem\u00e1tica espec\u00edfica, y no necesariamente se impartir\u00e1 en clases.<\/li>\n<\/ul>\n<ul style=\"text-align: justify;\">\n<li>TSU: Travelling Summer University. Durante el evento se viaja por al menos 2 sedes de AEGEE.<\/li>\n<\/ul>\n<ul style=\"text-align: justify;\">\n<li>SE: Summer Event. Eventos sin una tem\u00e1tica definida, son 15 d\u00edas de visitas culturales y actividades en la sede de destino. Para las sedes que lo organizan por primera vez.<\/li>\n<\/ul>\n<p style=\"text-align: justify; padding-left: 30px;\">Con esto se consigue que alrededor de 5.000 estudiantes de toda Europa tengan la oportunidad de viajar a multitud de lugares en unas condiciones adaptadas para los mismos: precios reducidos, programa de actividades culturales, estudio de idiomas, programa de actividades sociales, etc. cada a\u00f1o.<\/p>\n<hr \/>\n<p style=\"text-align: left;\"><strong>AYUDA:\u00a0<\/strong>M\u00e1s informaci\u00f3n acerca del Summer University Project en <a href=\"http:\/\/www.projects.aegee.org\/suct\/\">SUCT official page<\/a><\/p>\n","protected":false},"excerpt":{"rendered":"<p class=\"excerpt\">Es el proyecto m\u00e1s antiguo y m\u00e1s amplio a nivel europeo que AEGEE desarrolla cada a\u00f1o. Las actividades llevadas a cabo durante un rango de Universidad de verano de acad\u00e9mico, tales como clases para aprender un idioma extranjero, diversos cursos en temas t\u00e9cnicos a actividades multiculturales: familiarizarse con la cultura, historia, Mitolog\u00eda griega; aprender a navegar, asistir a un curso&hellip; <a href=\"https:\/\/www.locals.aegee.org\/bilbao\/menu-summer-universities\/que-es-una-su\/\">Read more &rarr;<\/a><\/p>\n","protected":false},"author":1,"featured_media":0,"parent":3213,"menu_order":0,"comment_status":"closed","ping_status":"closed","template":"","meta":{"footnotes":""},"class_list":["post-2679","page","type-page","status-publish","hentry","xfolkentry"],"_links":{"self":[{"href":"https:\/\/www.locals.aegee.org\/bilbao\/wp-json\/wp\/v2\/pages\/2679","targetHints":{"allow":["GET"]}}],"collection":[{"href":"https:\/\/www.locals.aegee.org\/bilbao\/wp-json\/wp\/v2\/pages"}],"about":[{"href":"https:\/\/www.locals.aegee.org\/bilbao\/wp-json\/wp\/v2\/types\/page"}],"author":[{"embeddable":true,"href":"https:\/\/www.locals.aegee.org\/bilbao\/wp-json\/wp\/v2\/users\/1"}],"replies":[{"embeddable":true,"href":"https:\/\/www.locals.aegee.org\/bilbao\/wp-json\/wp\/v2\/comments?post=2679"}],"version-history":[{"count":5,"href":"https:\/\/www.locals.aegee.org\/bilbao\/wp-json\/wp\/v2\/pages\/2679\/revisions"}],"predecessor-version":[{"id":3116,"href":"https:\/\/www.locals.aegee.org\/bilbao\/wp-json\/wp\/v2\/pages\/2679\/revisions\/3116"}],"up":[{"embeddable":true,"href":"https:\/\/www.locals.aegee.org\/bilbao\/wp-json\/wp\/v2\/pages\/3213"}],"wp:attachment":[{"href":"https:\/\/www.locals.aegee.org\/bilbao\/wp-json\/wp\/v2\/media?parent=2679"}],"curies":[{"name":"wp","href":"https:\/\/api.w.org\/{rel}","templated":true}]}}