{"id":2591,"date":"2016-02-02T19:16:13","date_gmt":"2016-02-02T18:16:13","guid":{"rendered":"http:\/\/www.aegeebilbao.org\/?page_id=2591"},"modified":"2016-09-27T13:37:13","modified_gmt":"2016-09-27T13:37:13","slug":"estructura-de-aegee","status":"publish","type":"page","link":"https:\/\/www.locals.aegee.org\/bilbao\/menu-aegee\/estructura-de-aegee\/","title":{"rendered":"Estructura de AEGEE"},"content":{"rendered":"<p style=\"text-align: justify;\">Lo que hace de AEGEE una asociaci\u00f3n verdaderamente europea es que no opera a nivel nacional, sino que solamente cuenta con grupos locales (llamados <strong><em>antenna<\/em><\/strong>) en ciudades universitarias de toda Europa y a nivel europeo. La estructura, por s\u00ed misma, no permite la creaci\u00f3n de barreras f\u00edsicas y trata de eliminar la existencia de barreras mentales entre los estudiantes de toda Europa.<\/p>\n<p style=\"text-align: justify;\"><a href=\"http:\/\/aegeebilbao.org\/wp-content\/uploads\/2016\/02\/AEGEE-Structure-Update-900x511.png\"><img loading=\"lazy\" decoding=\"async\" class=\"alignnone wp-image-3130\" src=\"http:\/\/aegeebilbao.org\/wp-content\/uploads\/2016\/02\/AEGEE-Structure-Update-900x511-300x170.png\" alt=\"aegee-structure-update-900x511\" width=\"888\" height=\"503\" srcset=\"https:\/\/www.locals.aegee.org\/bilbao\/wp-content\/uploads\/2016\/02\/AEGEE-Structure-Update-900x511-300x170.png 300w, https:\/\/www.locals.aegee.org\/bilbao\/wp-content\/uploads\/2016\/02\/AEGEE-Structure-Update-900x511-768x436.png 768w, https:\/\/www.locals.aegee.org\/bilbao\/wp-content\/uploads\/2016\/02\/AEGEE-Structure-Update-900x511.png 900w\" sizes=\"auto, (max-width: 888px) 100vw, 888px\" \/><\/a><\/p>\n<p style=\"text-align: justify; padding-left: 30px;\">AEGEE cuenta con m\u00e1s de 15.000 socios, todos ellos se adaptan a una consolidada y no tan sencilla estructura. Tal y como se muestra en la figura podemos encontrar distintos niveles.<\/p>\n<p style=\"text-align: justify; padding-left: 30px;\">Sin embargo, podemos distinguir algunos de ellos:<\/p>\n<h2 style=\"text-align: justify;\">Antenna<\/h2>\n<p style=\"text-align: justify; padding-left: 30px;\">Antenna es el nombre de un <strong>AEGEE local<\/strong>. Una antenna organiza normalmente al menos un evento europeo al a\u00f1o, as\u00ed como actividades locales.<\/p>\n<h2 style=\"text-align: justify;\">Comit\u00e9 Directeur<\/h2>\n<p style=\"text-align: justify; padding-left: 30px;\">Las actividades de todas las antennae est\u00e1n <strong>coordinadas a nivel europeo por el <em>European Board<\/em> o <em>Comit\u00e9 Directeur<\/em><\/strong>. El Comit\u00e9 Directeur, situado <strong>en Bruselas<\/strong>, est\u00e1 formado por en un m\u00e1ximo de nueve personas de al menos cuatro pa\u00edses. Cada miembro del CD tiene su propia \u00e1rea de responsabilidad. En conjunto, el CD es el cuerpo administrativo y representativo de AEGEE, con responsabilidad en el contacto con la Uni\u00f3n Europea y el Consejo de Europa.<\/p>\n<h2 style=\"text-align: justify;\">Working Groups<\/h2>\n<p style=\"text-align: justify; padding-left: 30px;\">Con la finalidad de contribuir y dar apoyo en un \u00e1rea concreta se han creado los <em>\u00a0Working Groups <\/em>o grupos de trabajo. Son grupos internacionales de miembros que <strong>organizan eventos de un tema espec\u00edfico<\/strong>, tales como, medioambiente, cultura, derechos humanos, pol\u00edtica educativa, etc.<\/p>\n<p style=\"text-align: justify; padding-left: 30px;\">Actualmente hay cuatro Working groups:<\/p>\n<ul style=\"text-align: justify;\">\n<li style=\"text-align: justify;\">Spreading Europtimism Working Group<\/li>\n<li style=\"text-align: justify;\">Youth Employment Working Group<\/li>\n<li style=\"text-align: justify;\">Youth Mobility Working Group<\/li>\n<li style=\"text-align: justify;\">Civic Education Working Group<\/li>\n<\/ul>\n<h2 style=\"text-align: justify;\">Agora<\/h2>\n<p style=\"text-align: justify; padding-left: 30px;\">El \u00c1gora es la <strong>Asamblea General de la asociaci\u00f3n<\/strong>, celebrada <strong>dos veces al a\u00f1o<\/strong>, en primavera y en oto\u00f1o, reuniendo a 600-1000 estudiantes durante cuatro d\u00edas. Es uno de los eventos m\u00e1s importantes de AEGEE. Adem\u00e1s de ser el l<strong>ugar donde la Junta Directiva de la organizaci\u00f3n<\/strong>, el director de Comit\u00e9 (CD) <strong>es elegida <\/strong>cada primavera, tambi\u00e9n es una experiencia transformadora para los participantes, los j\u00f3venes europeos que se re\u00fanen en un solo lugar para construir el futuro de la organizaci\u00f3n y juntos. Las principales discusiones y decisiones tienen lugar durante las sesiones plenarias. Los participantes del \u00c1gora tambi\u00e9n participar en talleres, prytania (para discutir cambios a los estatutos de la organizaci\u00f3n), progreso reuniones sobre proyectos en curso y otros programas. Los miembros de AEGEE se re\u00fanen durante tres d\u00edas para discutir propuestas y proyectos, tomar decisiones y establecer las l\u00edneas de actuaci\u00f3n de AEGEE<\/p>\n<h2 style=\"text-align: justify;\">European Planning Meeting<\/h2>\n<p style=\"text-align: justify; padding-left: 30px;\">Es el encuentro que sirve para <strong>establecer una orientaci\u00f3n tem\u00e1tica en AEGEE<\/strong>. Tiene lugar <strong>una vez por a\u00f1o<\/strong>. The European Planning Meeting (EPM) re\u00fane a alrededor de 300 miembros AEGEE experimentados con el fin de <strong>elaborar la Agenda de acci\u00f3n<\/strong> para el pr\u00f3ximo a\u00f1o. Adem\u00e1s de trabajar en la preparaci\u00f3n de la Agenda de acci\u00f3n de AEGEE, los participantes toman parte en talleres, mesas redondas y debates de mesa redonda relacionada con el tema general elegido para el evento.<\/p>\n<p style=\"text-align: justify; padding-left: 30px;\">\u00bfCu\u00e1les son los <strong>principales campos de acci\u00f3n de AEGEE<\/strong>?<\/p>\n<p style=\"text-align: justify; padding-left: 30px;\">Sus principales campos de acci\u00f3n est\u00e1n relacionados con cuatro tem\u00e1ticas: <strong>Intercambio cultural, Paz y estabilidad, Ciudadan\u00eda Activa y Educaci\u00f3n Superior<\/strong>. A partir de ellos la asociaci\u00f3n lleva a cabo diversas actividades a lo largo del a\u00f1o.<\/p>\n<h2 style=\"text-align: justify;\">Network Meeting<\/h2>\n<p style=\"text-align: justify; padding-left: 30px;\">A Network Meeting es un evento organizado por un miembro de NetWork \u00a0en cooperaci\u00f3n con un antenna de AEGEE. El evento consiste en <strong>debates y sesiones sobre diferentes temas de capacitaci\u00f3n conectado con el trabajo de AEGEE y temas de inter\u00e9s para los j\u00f3venes europeos<\/strong>. Cada miembro AEGEE puede unirse a uno de \u00a0hasta\u00a0 11 NWM organizado cada seis meses en toda Europa. Un NWM es el <strong>lugar donde pueden aprender los nuevos miembros AEGEE de experimentados miembros AEGEE<\/strong>. Tambi\u00e9n es una oportunidad ideal para discutir problemas communes de AEGEE y desarrollar una cooperaci\u00f3n para organizar futuros eventos. Tambi\u00e9n es una gran oportunidad para conocer a viejos amigos de la asociaci\u00f3n. El programa de la reuni\u00f3n de la red est\u00e1 dise\u00f1ado por uno de los comisarios de la red. Durante una reuni\u00f3n de la red, se llevan a cabo varios tipos de actividades: talleres sobre por ejemplo, gesti\u00f3n de proyectos, relaciones p\u00fablicas, nivel fondo levantando, t\u00e9cnicas de presentaci\u00f3n, las organizaciones no gubernamentales, el europeo de AEGEE, haciendo pel\u00edculas, presentan&#8230;<\/p>\n<h2 style=\"text-align: justify;\">Commissions<\/h2>\n<p style=\"text-align: justify; padding-left: 30px;\">Las Comisiones son <strong>cuerpos de apoyo o control para el CD<\/strong> y para todos los miembros de la asociaci\u00f3n. Su objetivo de las comisiones es supervisar el cumplimiento de las normas que dirigen el funcionamiento de AEGEE. Son cuatro:<\/p>\n<ul style=\"text-align: justify;\">\n<li>Audit Comission,<\/li>\n<li>Members Comissions,<\/li>\n<li>Juridical Comission<\/li>\n<li>Network Comission.<\/li>\n<\/ul>\n<h2 style=\"text-align: justify;\">Committees<\/h2>\n<p style=\"text-align: justify; padding-left: 30px;\">Los Committees comparten muchas caracter\u00edsticas con Working Groups, pero en lugar de contribuir directamente a los campos de acci\u00f3n de AEGEE, <strong>ayudan a los otros organismos<\/strong> proporcion\u00e1ndoles servicios, informaci\u00f3n, infraestructura y materiales necesarios para cumplir con sus tareas. Actualmente estan los siguientes:<\/p>\n<ul style=\"text-align: justify;\">\n<li>Action Agenda Coordination Committee<\/li>\n<li>Corporate Relations Committee<\/li>\n<li>Events Committe<\/li>\n<li>Human Resources Committee<\/li>\n<li>Information Technology Committee<\/li>\n<li>Public Relations Committee<\/li>\n<\/ul>\n<h2 style=\"text-align: justify;\">Project Teams<\/h2>\n<p style=\"text-align: justify; padding-left: 30px;\">Los Project Teams <strong>coordinan el trabajo de los proyectos de toda Europa<\/strong>. Estos proyectos son series de conferencias y otras actividades sobre un cierto tema como por ejemplo Health4Youth, Europe in Exchange, Youth unemployment, Higher Education Days, YOUrope needs YOU!, European Day of Languages, EuroArab,\u00a0 Where Does Europe End?, Beyond Europe ,Y Vote 2009 y Sustaining our Future. Estos equipos est\u00e1n formados por miembros de los distintos locales participantes. Los proyectos que se estan desarrollando actualmente son:<\/p>\n<ul>\n<li style=\"text-align: justify;\">Summer University<\/li>\n<li style=\"text-align: justify;\">Eastern Partnership Project<\/li>\n<li style=\"text-align: justify;\">Election Observation Project<\/li>\n<\/ul>\n<p>M\u00e1s informaci\u00f3n actualizada en: <a href=\"https:\/\/www.aegee.org\/about-aegee\/the-structure-of-aegee\/\">Structure AEGEE<\/a><\/p>\n","protected":false},"excerpt":{"rendered":"<p class=\"excerpt\">Lo que hace de AEGEE una asociaci\u00f3n verdaderamente europea es que no opera a nivel nacional, sino que solamente cuenta con grupos locales (llamados antenna) en ciudades universitarias de toda Europa y a nivel europeo. La estructura, por s\u00ed misma, no permite la creaci\u00f3n de barreras f\u00edsicas y trata de eliminar la existencia de barreras mentales entre los estudiantes de&hellip; <a href=\"https:\/\/www.locals.aegee.org\/bilbao\/menu-aegee\/estructura-de-aegee\/\">Read more &rarr;<\/a><\/p>\n","protected":false},"author":1,"featured_media":0,"parent":3194,"menu_order":0,"comment_status":"closed","ping_status":"closed","template":"","meta":{"footnotes":""},"class_list":["post-2591","page","type-page","status-publish","hentry","xfolkentry"],"_links":{"self":[{"href":"https:\/\/www.locals.aegee.org\/bilbao\/wp-json\/wp\/v2\/pages\/2591","targetHints":{"allow":["GET"]}}],"collection":[{"href":"https:\/\/www.locals.aegee.org\/bilbao\/wp-json\/wp\/v2\/pages"}],"about":[{"href":"https:\/\/www.locals.aegee.org\/bilbao\/wp-json\/wp\/v2\/types\/page"}],"author":[{"embeddable":true,"href":"https:\/\/www.locals.aegee.org\/bilbao\/wp-json\/wp\/v2\/users\/1"}],"replies":[{"embeddable":true,"href":"https:\/\/www.locals.aegee.org\/bilbao\/wp-json\/wp\/v2\/comments?post=2591"}],"version-history":[{"count":4,"href":"https:\/\/www.locals.aegee.org\/bilbao\/wp-json\/wp\/v2\/pages\/2591\/revisions"}],"predecessor-version":[{"id":3132,"href":"https:\/\/www.locals.aegee.org\/bilbao\/wp-json\/wp\/v2\/pages\/2591\/revisions\/3132"}],"up":[{"embeddable":true,"href":"https:\/\/www.locals.aegee.org\/bilbao\/wp-json\/wp\/v2\/pages\/3194"}],"wp:attachment":[{"href":"https:\/\/www.locals.aegee.org\/bilbao\/wp-json\/wp\/v2\/media?parent=2591"}],"curies":[{"name":"wp","href":"https:\/\/api.w.org\/{rel}","templated":true}]}}