{"id":2564,"date":"2016-02-02T17:19:05","date_gmt":"2016-02-02T16:19:05","guid":{"rendered":"http:\/\/www.aegeebilbao.org\/?page_id=2564"},"modified":"2016-09-27T13:40:22","modified_gmt":"2016-09-27T13:40:22","slug":"latxa","status":"publish","type":"page","link":"https:\/\/www.locals.aegee.org\/bilbao\/menu-aegee-bilbao\/latxa\/","title":{"rendered":"Latxa"},"content":{"rendered":"<p style=\"padding-left: 30px;\">Latxa, nuestra querida Latxa, en definitiva la mejor oveja\/mascota\/viajera incansable que existe en el universo AEGEE. Lleva con nosotros desde que tengo uso de raz\u00f3n y ejerce de embajadora incasable y expeditiva por todos los rincones de la geograf\u00eda vasca y el extranjero.<\/p>\n<p style=\"text-align: justify; padding-left: 30px;\">Naci\u00f3 all\u00e1 en alg\u00fan momento indeterminado de la d\u00e9cada pasada en alguno de los verdes prados de alrededor del Pagasarri, del centro de Bilbao casi. Vamos que m\u00e1s vasca no puede ser, y m\u00e1s de Bilbao tampoco, no hay queja.<\/p>\n<p style=\"text-align: justify; padding-left: 30px;\">Pero aunque sea vasca la verdad que las apariencias enga\u00f1an, tiene un sex appeal que ya lo quisieran las mejores modelos brasile\u00f1as!! Por donde va triunfa y no hay fiesta que se precie sin que haga acto de presencia. Adem\u00e1s tiene amistades repartidas por toda Espa\u00f1a. Vamos, que fue ella la que invent\u00f3 el couchsurfing entre mascotas antes de que se pusiera de moda entre humanos.<\/p>\n<p style=\"text-align: justify; padding-left: 30px;\">Ah\u00ed se la puede ver con L\u00eda la Parda (amigas inseparables que se whatsappean everyday aunque haya 800 km entre Bilbao y Alicante) y con su \u201camigo especial\u201d Chazo el Lechazo (es que como a Valladolid no hay tanta distancia\u2026). Fijaos lo amigos que son que hasta planearon boda y nos inivtaron a todos!!<\/p>\n<p style=\"text-align: justify; padding-left: 30px;\">Y nos gust\u00f3 tanto que celebramos el aniversario sin falta, recordando los hermosos momentos pasados y los a\u00fan mejores que est\u00e1n por venir!!<\/p>\n<p style=\"text-align: justify; padding-left: 30px;\">Si quieres disfrutarlos con nosotros ya sabes lo que tienes que hacer, haz caso a Latxa y empieza por seguirnos en Facebook, me dice que t\u00fa, s\u00ed t\u00fa quieres apuntarte y lo sabes. Recomendaci\u00f3n ovejera para ir entrando en calor, s\u00edguenos en <a href=\"https:\/\/www.facebook.com\/aegeebilbao1\/?fref=ts\">Facebook<\/a>!<\/p>\n<p style=\"text-align: justify; padding-left: 30px;\">Envidia? Intriga? Ganas de pasarlo bien? Haz click en <span style=\"text-decoration: underline;\"><a href=\"http:\/\/aegeebilbao.org\/?page_id=1694\">alg\u00fan punto de estas palabritas subrayadas<\/a><\/span> y sigue los pasos que se te indican. Te esperamos!!!<\/p>\n<p style=\"text-align: justify; padding-left: 30px;\">LATXA NEEDS YOU FOR AEGEE-BILBAO<\/p>\n<p style=\"padding-left: 30px;\">\n","protected":false},"excerpt":{"rendered":"<p class=\"excerpt\">Latxa, nuestra querida Latxa, en definitiva la mejor oveja\/mascota\/viajera incansable que existe en el universo AEGEE. Lleva con nosotros desde que tengo uso de raz\u00f3n y ejerce de embajadora incasable y expeditiva por todos los rincones de la geograf\u00eda vasca y el extranjero. Naci\u00f3 all\u00e1 en alg\u00fan momento indeterminado de la d\u00e9cada pasada en alguno de los verdes prados de&hellip; <a href=\"https:\/\/www.locals.aegee.org\/bilbao\/menu-aegee-bilbao\/latxa\/\">Read more &rarr;<\/a><\/p>\n","protected":false},"author":1,"featured_media":0,"parent":3198,"menu_order":0,"comment_status":"closed","ping_status":"closed","template":"","meta":{"footnotes":""},"class_list":["post-2564","page","type-page","status-publish","hentry","xfolkentry"],"_links":{"self":[{"href":"https:\/\/www.locals.aegee.org\/bilbao\/wp-json\/wp\/v2\/pages\/2564","targetHints":{"allow":["GET"]}}],"collection":[{"href":"https:\/\/www.locals.aegee.org\/bilbao\/wp-json\/wp\/v2\/pages"}],"about":[{"href":"https:\/\/www.locals.aegee.org\/bilbao\/wp-json\/wp\/v2\/types\/page"}],"author":[{"embeddable":true,"href":"https:\/\/www.locals.aegee.org\/bilbao\/wp-json\/wp\/v2\/users\/1"}],"replies":[{"embeddable":true,"href":"https:\/\/www.locals.aegee.org\/bilbao\/wp-json\/wp\/v2\/comments?post=2564"}],"version-history":[{"count":3,"href":"https:\/\/www.locals.aegee.org\/bilbao\/wp-json\/wp\/v2\/pages\/2564\/revisions"}],"predecessor-version":[{"id":3150,"href":"https:\/\/www.locals.aegee.org\/bilbao\/wp-json\/wp\/v2\/pages\/2564\/revisions\/3150"}],"up":[{"embeddable":true,"href":"https:\/\/www.locals.aegee.org\/bilbao\/wp-json\/wp\/v2\/pages\/3198"}],"wp:attachment":[{"href":"https:\/\/www.locals.aegee.org\/bilbao\/wp-json\/wp\/v2\/media?parent=2564"}],"curies":[{"name":"wp","href":"https:\/\/api.w.org\/{rel}","templated":true}]}}