{"id":2553,"date":"2016-02-02T17:16:16","date_gmt":"2016-02-02T16:16:16","guid":{"rendered":"http:\/\/www.aegeebilbao.org\/?page_id=2553"},"modified":"2018-05-10T21:26:55","modified_gmt":"2018-05-10T21:26:55","slug":"historia-aegee-bilbao","status":"publish","type":"page","link":"https:\/\/www.locals.aegee.org\/bilbao\/menu-aegee-bilbao\/historia-aegee-bilbao\/","title":{"rendered":"Historia AEGEE-Bilbao"},"content":{"rendered":"<p style=\"text-align: justify;\">AEGEE-Bilbao es una asociaci\u00f3n juvenil, sin \u00e1nimo de lucro, sin ninguna vinculaci\u00f3n pol\u00edtica ni religiosa e independiente en cuanto a su financiaci\u00f3n. Estamos vinculados con la\u00a0<em>Association des Etats G\u00e9n\u00e9raux des Etudiants de l\u2019Europe\u00a0<\/em>o tambi\u00e9n conocida AEGEE-Europe.<\/p>\n<p style=\"text-align: justify;\">AEGEE-Bilbao se fund\u00f3 en el a\u00f1o 2009 gracias a 4 amigos\u00a0inocentes con ganas de conocer, viajar y, en definitiva, pas\u00e1rselo genial por toda Europa. Desde entonces, somos una sede activa que cuenta con casi 100 socios que se re\u00fanen semanalmente para elaborar todo tipo de actividades y eventos.<\/p>\n<p style=\"text-align: justify;\">Pero, \u00bfqu\u00e9 fines\/objetivos tenemos?<\/p>\n<ul style=\"text-align: justify;\">\n<li>Promover el ideal de Europa, la democracia, los derechos humanos, la tolerancia y la movilidad juvenil a trav\u00e9s de la colaboraci\u00f3n, la participaci\u00f3n y la integraci\u00f3n europea.<\/li>\n<li>Contribuir a estrechar los lazos de amistad, culturales, econ\u00f3micos y de comprensi\u00f3n entre los j\u00f3venes europeos.<\/li>\n<li>Promocionar la integraci\u00f3n social y la formaci\u00f3n de la juventud.<\/li>\n<li>Fomentar la participaci\u00f3n de la Universidad en los diferentes programas europeos que contemplen la participaci\u00f3n de estudiantes.<\/li>\n<li>Impulsar la participaci\u00f3n juvenil en todos los aspectos de la vida: sociales, acad\u00e9micos y culturales.<\/li>\n<li>Potenciar el aprendizaje de idiomas y la educaci\u00f3n no formal.<\/li>\n<\/ul>\n<p style=\"text-align: justify;\">\u00bfC\u00f3mo los\u00a0alcanzamos?<\/p>\n<p style=\"text-align: justify;\">AEGEE-Bilbao\u00a0organizar\u00e1 tanto actividades locales como internacionales con el prop\u00f3sito de lograr los anteriores objetivos. Por otro lado tambi\u00e9n se realizan intercambios juveniles, reuniones, charlas o se promueven eventos que fomentan la movilidad europea.<\/p>\n<p style=\"text-align: justify;\">Todo esto ha sido posible gracias a esas cuatro personas que son lo curraron inicialmente. Sin embargo, ahora somos casi 100 personas en AEGEE-Bilbao. \u00bfA qu\u00e9 esperas?&#8230; Da el paso y \u00daNETE a nosotros.\u00a0Pincha <a href=\"http:\/\/aegeebilbao.org\/?page_id=1694\" target=\"_blank\">aqu\u00ed\u00a0<\/a>y podr\u00e1s pasar a formar parte de este gran familia.<\/p>\n<h4 style=\"text-align: justify;\">POSTDATA:<\/h4>\n<p>As\u00ed empez\u00f3 todo&#8230;m\u00e1s o menos&#8230; &#8230;.All\u00e1 por 2009 hab\u00eda 4 chavalillos inocentes con ganas de comerse el mundo, pas\u00e1rselo bien, conocer gente y viajar por Europa&#8230;.<\/p>\n<p><iframe loading=\"lazy\" src=\"https:\/\/www.youtube.com\/embed\/qzPxpBYyhe4\" width=\"560\" height=\"315\" frameborder=\"0\" allowfullscreen=\"allowfullscreen\"><\/iframe><\/p>\n<p><a href=\"http:\/\/locals.aegee.org\/bilbao\/wp-content\/uploads\/2010\/09\/los-cuatro-fantasticos2.jpg\"><br \/>\n<\/a>MUCHAS GRACIAS A ESOS 4 MAGN\u00cdFICOS =)<\/p>\n<p>Los 4 se lo curraron tanto que ahora ya somos casi 100 socios en AEGEE-Bilbao, \u00a1no est\u00e1 nada mal, \u00bfverdad?!<\/p>\n<p>As\u00ed nos dimos a conocer. \u00a1\u00a1\u00a1\u00a1AEGEE-Bilbao empieza a funcionar, brum, brum!!!!<\/p>\n<p><iframe loading=\"lazy\" src=\"https:\/\/www.youtube.com\/embed\/Uq8thcLB14c\" width=\"560\" height=\"315\" frameborder=\"0\" allowfullscreen=\"allowfullscreen\"><\/iframe><\/p>\n","protected":false},"excerpt":{"rendered":"<p class=\"excerpt\">AEGEE-Bilbao es una asociaci\u00f3n juvenil, sin \u00e1nimo de lucro, sin ninguna vinculaci\u00f3n pol\u00edtica ni religiosa e independiente en cuanto a su financiaci\u00f3n. Estamos vinculados con la\u00a0Association des Etats G\u00e9n\u00e9raux des Etudiants de l\u2019Europe\u00a0o tambi\u00e9n conocida AEGEE-Europe. AEGEE-Bilbao se fund\u00f3 en el a\u00f1o 2009 gracias a 4 amigos\u00a0inocentes con ganas de conocer, viajar y, en definitiva, pas\u00e1rselo genial por toda Europa.&hellip; <a href=\"https:\/\/www.locals.aegee.org\/bilbao\/menu-aegee-bilbao\/historia-aegee-bilbao\/\">Read more &rarr;<\/a><\/p>\n","protected":false},"author":1,"featured_media":2623,"parent":3198,"menu_order":0,"comment_status":"closed","ping_status":"closed","template":"","meta":{"footnotes":""},"class_list":["post-2553","page","type-page","status-publish","has-post-thumbnail","hentry","xfolkentry"],"_links":{"self":[{"href":"https:\/\/www.locals.aegee.org\/bilbao\/wp-json\/wp\/v2\/pages\/2553","targetHints":{"allow":["GET"]}}],"collection":[{"href":"https:\/\/www.locals.aegee.org\/bilbao\/wp-json\/wp\/v2\/pages"}],"about":[{"href":"https:\/\/www.locals.aegee.org\/bilbao\/wp-json\/wp\/v2\/types\/page"}],"author":[{"embeddable":true,"href":"https:\/\/www.locals.aegee.org\/bilbao\/wp-json\/wp\/v2\/users\/1"}],"replies":[{"embeddable":true,"href":"https:\/\/www.locals.aegee.org\/bilbao\/wp-json\/wp\/v2\/comments?post=2553"}],"version-history":[{"count":7,"href":"https:\/\/www.locals.aegee.org\/bilbao\/wp-json\/wp\/v2\/pages\/2553\/revisions"}],"predecessor-version":[{"id":3673,"href":"https:\/\/www.locals.aegee.org\/bilbao\/wp-json\/wp\/v2\/pages\/2553\/revisions\/3673"}],"up":[{"embeddable":true,"href":"https:\/\/www.locals.aegee.org\/bilbao\/wp-json\/wp\/v2\/pages\/3198"}],"wp:featuredmedia":[{"embeddable":true,"href":"https:\/\/www.locals.aegee.org\/bilbao\/wp-json\/"}],"wp:attachment":[{"href":"https:\/\/www.locals.aegee.org\/bilbao\/wp-json\/wp\/v2\/media?parent=2553"}],"curies":[{"name":"wp","href":"https:\/\/api.w.org\/{rel}","templated":true}]}}