{"id":2549,"date":"2016-02-02T17:15:35","date_gmt":"2016-02-02T16:15:35","guid":{"rendered":"http:\/\/www.aegeebilbao.org\/?page_id=2549"},"modified":"2016-09-27T13:37:13","modified_gmt":"2016-09-27T13:37:13","slug":"declaracion-de-principios","status":"publish","type":"page","link":"https:\/\/www.locals.aegee.org\/bilbao\/menu-aegee\/declaracion-de-principios\/","title":{"rendered":"Declaraci\u00f3n de principios"},"content":{"rendered":"<h3 style=\"text-align: justify;\"><strong>Nosotros, los miembros de AEGEE,<\/strong><\/h3>\n<p style=\"text-align: justify;\">j\u00f3venes europeos que venimos de todas las regiones del continente, reconocemos que somos el futuro y el presente de nuestra sociedad, y que es nuestra responsabilidad contribuir a la construcci\u00f3n de Europa. Nos unimos bajo la visi\u00f3n com\u00fan de una Europa democr\u00e1tica, diversa y sin fronteras.<\/p>\n<p style=\"text-align: justify;\">Nos unimos en AEGEE para formar una red abierta y voluntaria donde transformamos nuestras ideas en acciones, nos desarrollamos para participar activamente en la sociedad, y contribuimos al debate europeo con nuestra perspectiva independiente de estudiantes.<\/p>\n<p style=\"text-align: justify;\"><strong>Nosotros, por esto, declaramos estos principios como fundamentales para nosotros:<\/strong><\/p>\n<ol>\n<li style=\"text-align: justify;\"><strong>La diversidad de Europa tiene que ser valorada, y la reflejaremos en nuestra organizaci\u00f3n. <\/strong>La riqueza de nuestro continente se encuentra en las personas de diferentes culturas y con diferentes historias, y en estar unidos por valores comunes.<\/li>\n<li style=\"text-align: justify;\"><strong>La cooperaci\u00f3n entre las personas y las comunidades empieza con el di\u00e1logo y el entendimiento mutuo. <\/strong>Unimos estudiantes de todas las regiones de Europa y creamos amistades que rompen prejuicios y estereotipos.<\/li>\n<li style=\"text-align: justify;\"><strong>La libertad y los derechos humanos son elementos esenciales de una sociedad europea. <\/strong>A trav\u00e9s de nuestro trabajo y de nuestro comportamiento tratamos de servir de ejemplo y de extender estos valores entre la juventud de nuestro continente.<\/li>\n<li style=\"text-align: justify;\"><strong>Una Europa fuerte est\u00e1 construida sobre los fundamentos de respeto, tolerancia y solidaridad.<\/strong>Siguiendo estos valores, defendemos una sociedad inclusiva en la que los ciudadanos disfruten de igualdad de derechos y de oportunidades.<\/li>\n<li style=\"text-align: justify;\"><strong>El progreso en Europa tiene que estar basado en el conocimiento y en el acceso ilimitado a la educaci\u00f3n. <\/strong>Proporcionando oportunidades de aprendizaje y apoyando la dimensi\u00f3n europea de educaci\u00f3n, creemos que estamos ofreciendo a los j\u00f3venes mejores oportunidades para el futuro.<\/li>\n<\/ol>\n<p style=\"text-align: justify;\">Honorando y promoviendo estos principios formamos una mejor Europa.<\/p>\n<p style=\"text-align: justify;\"><em>Aprobado en el \u00c1gora Zaragoza de Oto\u00f1o de 2013<\/em><\/p>\n","protected":false},"excerpt":{"rendered":"<p class=\"excerpt\">Nosotros, los miembros de AEGEE, j\u00f3venes europeos que venimos de todas las regiones del continente, reconocemos que somos el futuro y el presente de nuestra sociedad, y que es nuestra responsabilidad contribuir a la construcci\u00f3n de Europa. Nos unimos bajo la visi\u00f3n com\u00fan de una Europa democr\u00e1tica, diversa y sin fronteras. Nos unimos en AEGEE para formar una red abierta&hellip; <a href=\"https:\/\/www.locals.aegee.org\/bilbao\/menu-aegee\/declaracion-de-principios\/\">Read more &rarr;<\/a><\/p>\n","protected":false},"author":1,"featured_media":0,"parent":3194,"menu_order":0,"comment_status":"closed","ping_status":"closed","template":"","meta":{"footnotes":""},"class_list":["post-2549","page","type-page","status-publish","hentry","xfolkentry"],"_links":{"self":[{"href":"https:\/\/www.locals.aegee.org\/bilbao\/wp-json\/wp\/v2\/pages\/2549","targetHints":{"allow":["GET"]}}],"collection":[{"href":"https:\/\/www.locals.aegee.org\/bilbao\/wp-json\/wp\/v2\/pages"}],"about":[{"href":"https:\/\/www.locals.aegee.org\/bilbao\/wp-json\/wp\/v2\/types\/page"}],"author":[{"embeddable":true,"href":"https:\/\/www.locals.aegee.org\/bilbao\/wp-json\/wp\/v2\/users\/1"}],"replies":[{"embeddable":true,"href":"https:\/\/www.locals.aegee.org\/bilbao\/wp-json\/wp\/v2\/comments?post=2549"}],"version-history":[{"count":2,"href":"https:\/\/www.locals.aegee.org\/bilbao\/wp-json\/wp\/v2\/pages\/2549\/revisions"}],"predecessor-version":[{"id":3125,"href":"https:\/\/www.locals.aegee.org\/bilbao\/wp-json\/wp\/v2\/pages\/2549\/revisions\/3125"}],"up":[{"embeddable":true,"href":"https:\/\/www.locals.aegee.org\/bilbao\/wp-json\/wp\/v2\/pages\/3194"}],"wp:attachment":[{"href":"https:\/\/www.locals.aegee.org\/bilbao\/wp-json\/wp\/v2\/media?parent=2549"}],"curies":[{"name":"wp","href":"https:\/\/api.w.org\/{rel}","templated":true}]}}