{"id":2546,"date":"2016-02-02T17:13:32","date_gmt":"2016-02-02T16:13:32","guid":{"rendered":"http:\/\/www.aegeebilbao.org\/?page_id=2546"},"modified":"2016-09-27T13:37:13","modified_gmt":"2016-09-27T13:37:13","slug":"historia","status":"publish","type":"page","link":"https:\/\/www.locals.aegee.org\/bilbao\/menu-aegee\/historia\/","title":{"rendered":"Historia"},"content":{"rendered":"<h2>\nFundaci\u00f3n y comienzo de AEGEE (1985-89)<\/h2>\n<p style=\"text-align: justify; padding-left: 30px;\">Todo comenz\u00f3 un 16 de abril de 1985 en la ciudad de Par\u00eds. Tal d\u00eda se realiz\u00f3 una conferencia EGEE 1, la cual fue organizada en cooperaci\u00f3n con cinco \u201cGrands Ecoles\u201d, generando como resultado el nacimiento de AEGEE. Este proceso fue dirigido por Franck Biancheri y por muchos j\u00f3venes estudiantes que pronto quisieron convertir esa conferencia en una organizaci\u00f3n que les sirviera como plataforma para poder impulsar a los j\u00f3venes europeos.<\/p>\n<p style=\"text-align: justify; padding-left: 30px;\">Pero, \u00bfcon qu\u00e9 prop\u00f3sito crearon dicha famosa asociaci\u00f3n? Sencillo, el fin de los fundadores era convertir esa plataforma en un espacio donde los j\u00f3venes europeos pudieran debatir y presentar diversas ideas ante instituciones tanto nacionales como europeas. Gracias a esto, se consigui\u00f3 que muchos estudiantes de distintos lugares consiguieran crear sedes en sus respectivas ciudades.<\/p>\n<p style=\"text-align: justify; padding-left: 30px;\">Y\u2026 \u00bfPor qu\u00e9 EGEE? El nombre EGEE se relaciona con el Mar Egeo, lugar donde la democracia fue creada hace 2000 a\u00f1os. No obstante, como \u00e9ste nombre coincid\u00eda con el de una empresa francesa, se decidi\u00f3 cambiar EGEE por AEGEE en el a\u00f1o 1988.<\/p>\n<p style=\"text-align: justify; padding-left: 30px;\">\u00bfQu\u00e9 logros ha conseguido AEGEE en un pasado? Pues en los a\u00f1os 80, las relaciones exteriores de AEGEE se centraron en las comunidades europeas, consiguiendo crear el proyecto Erasmus y el proyecto Tempus.<\/p>\n<h2>Expansi\u00f3n de la UE y democratizaci\u00f3n del este (2000-05)<\/h2>\n<p style=\"text-align: justify; padding-left: 30px;\">Aparte de los citados exitosos proyectos, entre el a\u00f1o 2000 y 2002, se realizaron otros eventos llamados \u201cEducation for Democracy\u201d y \u201cEurera\u201d. Estos consist\u00edan en la generar una contribuci\u00f3n en el dise\u00f1o del nuevo programa educativo qu se quer\u00eda expandir a lo largo de la Uni\u00f3n Europea.<\/p>\n<p style=\"text-align: justify; padding-left: 30px;\">Adem\u00e1s, se establecieron nuevas formas y medios de organizaci\u00f3n: los Campos de Acci\u00f3n y el Plan Estrat\u00e9gico. Estos son los que definen cuales son los principales focos de atenci\u00f3n en los que AEGEE se quiere centrar. As\u00ed como tambi\u00e9n muestra el trabajo y desarrollo de las actividades que sigue AEGEE-Europa durante un periodo de 4 a\u00f1os. Se pueden destacar algunas de estas actividades como son: \u201cEuropa en el Mundo\u201d o el \u201cWorld Youth Summit on Globalisation\u201d<\/p>\n<p style=\"text-align: justify; padding-left: 30px;\">Durante este periodo, la red de miembros aument\u00f3 significativamente. Se pas\u00f3 a tener 40 nuevas sedes, las cuales fueron capaces de organizar 135 conferencias y seminarios. Adem\u00e1s de esto, se llevaron a cabo las primeras Summer Universities (a\u00f1o 2004).<\/p>\n<p style=\"text-align: justify; padding-left: 30px;\">Gracias a esta expansi\u00f3n, se consigui\u00f3 abrir fronteras y promover la comunicaci\u00f3n entre el Este y el Oeste, dando lugar el proyecto anual \u201cEU and Europe\u201d. Esto permiti\u00f3 que los focos de acci\u00f3n tambi\u00e9n se centraran en la resoluci\u00f3n de los conflictos en los Balcanes, promoviendo iniciativas que consegu\u00edan fortalecer la democracia en estos pa\u00edses. Esto se vio reflejado en otro proyecto denominado \u201cEducation for democracy\u201d.<\/p>\n<p style=\"text-align: justify; padding-left: 30px;\">No obstante, los miembros de AEGEE no solamente hablan y debaten sobre las \u00e1reas conflictivas. En el proyecto de plan anual de 2005,\u00a0miembros de AEGEE estuvieron en primera fila en las manifestaciones en Ucrania\u00a0contra el fraude electoral en diciembre de 2004. AEGEE mantuvo su firme posici\u00f3n a favor de la democracia con muchas otras actividades en este campo como, por ejemplo, acciones de ese mismo verano en Albania. En 2005, AEGEE se centr\u00f3 en la celebraci\u00f3n del 20 aniversario de la Asociaci\u00f3n. Una serie de conferencias y celebraciones fueron organizadas por toda Europa, destacando la mayor Gala de la historia de AEGEE organizada en Praga, en septiembre de 2005.<\/p>\n<h2 style=\"text-align: justify;\">Cruzando fronteras (2005 \u2013 Presente)<\/h2>\n<p style=\"text-align: justify; padding-left: 30px;\">El cruzar fronteras implica que se desarrollen nuevas \u00e1reas en las que se quiera trabajar. Por tanto, en el a\u00f1o 2007, el \u201cEnvironmental Working Group\u201d renaci\u00f3 de nuevo y se lanz\u00f3 otro nuevo proyecto denominado \u201cSustaining our Future\u201d (SuFu), el cual fue seleccionado como principal proyecto durante el periodo 2008-2009. Este proyecto ten\u00eda como fin centrarse en la sostenibilidad. Para ello, se realizaron diversas actividades vinculadas a esta realidad en distintas regiones de Europa, as\u00ed como tambi\u00e9n se favorecieron maneras en las que los j\u00f3venes pod\u00edan implicarse en la resoluci\u00f3n de este asunto. Se realizaron actividades en torno al Danubio y Escandinavia y tambi\u00e9n se realiz\u00f3 una famosa conferencia en Madrid y un \u201cYouth Think That\u201d en Bruselas. Adem\u00e1s se consigui\u00f3 que muchas de las Summer Universities estuvieran fuertemente relacionadas en este tema de impacto medioambiental.<\/p>\n<p style=\"text-align: justify; padding-left: 30px;\">Por otro lado, tambi\u00e9n podemos encontrar a la Ciudadan\u00eda Activa como otro de los principales campos de acci\u00f3n de AEGEE. Gracias a un famoso evento realizado en Oviedo \u201cYourope needsYou!\u201d, se consigui\u00f3 incitar a los estudiantes para que consiguieran ampliar sus horizontes. Esta actividad aparte consigui\u00f3 ganar el Premio Europeo Carlomagno de la Juventud en 2010.<\/p>\n<p style=\"text-align: justify; padding-left: 30px;\">El Y-Vote\u201d fue otro de los proyectos llevados acabo por AEGEE. Este ten\u00eda como objetivo animar a la juventud a hacerse o\u00edr y ejercer su derecho votando en las elecciones.<\/p>\n<p style=\"text-align: justify; padding-left: 30px;\">En 2010, AEGEE continu\u00f3 rompiendo fronteras. Esta vez lo hizo con \u201cBeyond Europe \u2013 Perspectives for Tomorrow\u2019s World\u201d. En este proyecto se consigui\u00f3 viajar tanto a India como a Sud\u00e1frica para animar a la gente joven de dentro y fuera de Europa para poder hacer frente a todos los desaf\u00edos globales a los que hoy d\u00eda encaramos. Durante este evento surgi\u00f3 la cuesti\u00f3n concretada como proyeco \u201cWhere Does Europe End?\u201d. Este estuvo presente entre el 2009 y el 2012, pretendiendo conseguir un entendimiento sobre el concepto de lo que conlleva Europa.<\/p>\n<p style=\"text-align: justify; padding-left: 30px;\">Finalmente, AEGEE a d\u00eda de hoy tiene numerosos proyectos en marcha. Se sigue con la misma idea del principio, conseguir afrontar los problemas y desaf\u00edos a la que la poblaci\u00f3n joven se enfrenta en la actualidad: movilidad, desempleo, resoluci\u00f3n de conflictos\u2026<\/p>\n<p style=\"text-align: justify; padding-left: 30px;\">Si de verdad quieres conocer m\u00e1s sobre estos conflictos siempre puedes pinchar aqu\u00ed e interesarte tanto en cu\u00e1les se llevan a cabo y c\u00f3mo participar en ellos.<\/p>\n<p style=\"padding-left: 30px;\">\u00a0<a href=\"https:\/\/www.youtube.com\/watch?v=JF0wmX6456M\">Video explicativo<\/a><\/p>\n","protected":false},"excerpt":{"rendered":"<p class=\"excerpt\">Fundaci\u00f3n y comienzo de AEGEE (1985-89) Todo comenz\u00f3 un 16 de abril de 1985 en la ciudad de Par\u00eds. Tal d\u00eda se realiz\u00f3 una conferencia EGEE 1, la cual fue organizada en cooperaci\u00f3n con cinco \u201cGrands Ecoles\u201d, generando como resultado el nacimiento de AEGEE. Este proceso fue dirigido por Franck Biancheri y por muchos j\u00f3venes estudiantes que pronto quisieron convertir&hellip; <a href=\"https:\/\/www.locals.aegee.org\/bilbao\/menu-aegee\/historia\/\">Read more &rarr;<\/a><\/p>\n","protected":false},"author":1,"featured_media":0,"parent":3194,"menu_order":0,"comment_status":"closed","ping_status":"closed","template":"","meta":{"footnotes":""},"class_list":["post-2546","page","type-page","status-publish","hentry","xfolkentry"],"_links":{"self":[{"href":"https:\/\/www.locals.aegee.org\/bilbao\/wp-json\/wp\/v2\/pages\/2546","targetHints":{"allow":["GET"]}}],"collection":[{"href":"https:\/\/www.locals.aegee.org\/bilbao\/wp-json\/wp\/v2\/pages"}],"about":[{"href":"https:\/\/www.locals.aegee.org\/bilbao\/wp-json\/wp\/v2\/types\/page"}],"author":[{"embeddable":true,"href":"https:\/\/www.locals.aegee.org\/bilbao\/wp-json\/wp\/v2\/users\/1"}],"replies":[{"embeddable":true,"href":"https:\/\/www.locals.aegee.org\/bilbao\/wp-json\/wp\/v2\/comments?post=2546"}],"version-history":[{"count":2,"href":"https:\/\/www.locals.aegee.org\/bilbao\/wp-json\/wp\/v2\/pages\/2546\/revisions"}],"predecessor-version":[{"id":3169,"href":"https:\/\/www.locals.aegee.org\/bilbao\/wp-json\/wp\/v2\/pages\/2546\/revisions\/3169"}],"up":[{"embeddable":true,"href":"https:\/\/www.locals.aegee.org\/bilbao\/wp-json\/wp\/v2\/pages\/3194"}],"wp:attachment":[{"href":"https:\/\/www.locals.aegee.org\/bilbao\/wp-json\/wp\/v2\/media?parent=2546"}],"curies":[{"name":"wp","href":"https:\/\/api.w.org\/{rel}","templated":true}]}}