{"id":2534,"date":"2016-02-02T14:47:15","date_gmt":"2016-02-02T14:47:15","guid":{"rendered":"http:\/\/www.aegeebilbao.org\/?page_id=2534"},"modified":"2016-11-04T17:14:54","modified_gmt":"2016-11-04T17:14:54","slug":"que-es-aegee","status":"publish","type":"page","link":"https:\/\/www.locals.aegee.org\/bilbao\/menu-aegee\/que-es-aegee\/","title":{"rendered":"\u00bfQu\u00e9 es AEGEE?"},"content":{"rendered":"<h1>AEGEE- Foro de Estudiantes Europeo<\/h1>\n<p style=\"text-align: justify; padding-left: 30px;\">AEGEE\u00a0(<i>Association des \u00c9tats G\u00e9n\u00e9raux des \u00c9tudiants de l&#8217;Europe<\/i>) es la <strong>asociaci\u00f3n interdisciplinaria de estudiantes m\u00e1s grande de Europa<\/strong>. Toma su nombre de uno de los lugares de nacimiento de la democracia, el Mar Egeo, y del primer parlamento al iniciarse la Revoluci\u00f3n Francesa, Les Etats G\u00e9n\u00e9raux y promueve una Europa unificada, cooperaci\u00f3n entre pa\u00edses, comunicaci\u00f3n, integraci\u00f3n entre estudiantes y lucha por crear una sociedad abierta y tolerante para el futuro.<\/p>\n<p style=\"text-align: justify; padding-left: 30px;\">AEGEE es una <strong>asociaci\u00f3n de voluntarios<\/strong>, sin \u00e1nimo de lucro, que opera sin estar ligada a ning\u00fan partido pol\u00edtico ni religi\u00f3n Cuenta con <strong>15.000 miembros<\/strong> en <strong>42 pa\u00edses<\/strong> de toda Europa, repartidos por las <strong>230 ciudades universitarias<\/strong> donde AEGEE tiene sede.<\/p>\n<p style=\"text-align: justify; padding-left: 30px;\">AEGEE cuenta con el <strong>apoyo de la Comisi\u00f3n Europea<\/strong> y tiene un estatus consultivo en el Consejo de Europa y las Naciones Unidas. Adem\u00e1s, AEGEE es miembro del F\u00f3rum Europeo de Juventud (<em>European Youth Forum<\/em>) y ha cooperado con la UNESCO en <strong>proyectos internacionales<\/strong>.<\/p>\n<h2 style=\"text-align: justify; padding-left: 30px;\">Mapa de las sedes<\/h2>\n<p><iframe loading=\"lazy\" style=\"border: none; overflow: hidden; padding: 0; margin: 0;\" src=\"http:\/\/devel.oms.aegee.org\/oms\/export\/html\/aegee.org.map.html\" width=\"100%\" height=\"400\"><\/iframe><\/p>\n<h3>Visi\u00f3n<\/h3>\n<p style=\"text-align: justify; padding-left: 30px;\">AEGEE lucha por una Europa<strong> sin fronteras, diversa y democr\u00e1tica<\/strong>; que a su vez est\u00e9 socialmente, econ\u00f3micamente y pol\u00edticamente integrada, y que valore la <strong>participaci\u00f3n de la poblaci\u00f3n joven<\/strong> en su construcci\u00f3n y desarrollo.<\/p>\n<h3>Misi\u00f3n<\/h3>\n<p style=\"text-align: justify; padding-left: 30px;\">AEGEE anima a los estudiantes y j\u00f3venes europeos a emprender un <strong>papel activo en la sociedad<\/strong>. Crea un espacio para el di\u00e1logo y oportunidades de aprendizaje, y act\u00faa como representante ante autoridades. Adem\u00e1s, AEGEE fortalece el entendimiento mutuo y acerca Europa a los j\u00f3venes.<\/p>\n<h3>Medios<\/h3>\n<p style=\"padding-left: 30px;\">AEGEE emplea distintos medios con los que consigue alcanzar muchos de sus objetivos:<\/p>\n<h4 style=\"text-align: justify; padding-left: 30px;\"><strong>Intercambio Cultural<\/strong><\/h4>\n<p style=\"text-align: justify; padding-left: 60px;\">AEGEE crea un espacio para que miembros con diferentes or\u00edgenes y trasfondos se <strong>conozcan y aprendan sobre sus diferencias culturales<\/strong>, fomentando el entendimiento mutuo. AEGEE apoya la <strong>movilidad<\/strong> y estimula a los j\u00f3venes a cruzar las fronteras y <strong>hacer amistades<\/strong>, <strong>romper<\/strong> los <strong>estereotipos<\/strong> y fortalecer la tolerancia, el <strong>respeto<\/strong> y la <strong>solidaridad<\/strong>.<\/p>\n<h4 style=\"text-align: justify; padding-left: 30px;\"><strong>Desarollo Personal y Educaci\u00f3n No Formal<\/strong><\/h4>\n<p style=\"text-align: justify; padding-left: 60px;\">AEGEE propone oportunidades de aprendizaje para el desarrollo de sus miembros a trav\u00e9s de educaci\u00f3n no formal. Participando en <strong>cursos de formaci\u00f3n o talleres<\/strong>, e implic\u00e1ndose de forma activa en la organizaci\u00f3n, nuestros miembros <strong>mejoran competencias<\/strong> (como la capacidad de liderazgo, la habilidad comunicativa o la gesti\u00f3n de equipos) que les pueden ser de gran utilidad en un futuro.<\/p>\n<h4 style=\"text-align: justify; padding-left: 30px;\"><strong>Proyectos Tem\u00e1ticos<\/strong><\/h4>\n<p style=\"text-align: justify; padding-left: 60px;\">Los proyectos tem\u00e1ticos, tanto locales como internacionales, son iniciativas desarrolladas por miembros de AEGEE. Estos miembros <strong>se enfrentan a desaf\u00edos<\/strong> actuales de la sociedad europea, crean consciencia de los mismos entre la poblaci\u00f3n joven y <strong>proponen soluciones<\/strong> desde un punto de vista estudiantil. El resultado de su trabajo tiene impacto tanto dentro como fuera de AEGEE.<\/p>\n<h4 style=\"text-align: justify; padding-left: 30px;\"><strong>Defensa y Principios<\/strong><\/h4>\n<p style=\"text-align: justify; padding-left: 60px;\">AEGEE re\u00fane <strong>opiniones de estudiantes europeos<\/strong> y los representa ante las autoridades a trav\u00e9s de campa\u00f1as, actos de presi\u00f3n, conferencias y formando parte de mayores <strong>plataformas de defensa<\/strong>. Adem\u00e1s, AEGEE informa a los estudiantes y j\u00f3venes sobre el impacto que las leyes europeas tienen en sus vidas y las oportunidades que ofrecen.<\/p>\n<h4 style=\"text-align: justify; padding-left: 30px;\"><strong>Foro de Debate<\/strong><\/h4>\n<p style=\"text-align: justify; padding-left: 60px;\">AEGEE provee un <strong>espacio de discusi\u00f3n e intercambio de puntos de vista<\/strong> entre j\u00f3venes europeos, con el fin de encontrar puntos en com\u00fan. Este intercambio de ideas tiene lugar en todas nuestras actividades, pero especialmente en nuestros\u00a0<em>Working Groups<\/em>\u00a0(grupos de trabajo), conferencias y Asambleas Generales (EPM y \u00c1gora).<\/p>\n","protected":false},"excerpt":{"rendered":"<p class=\"excerpt\">AEGEE- Foro de Estudiantes Europeo AEGEE\u00a0(Association des \u00c9tats G\u00e9n\u00e9raux des \u00c9tudiants de l&#8217;Europe) es la asociaci\u00f3n interdisciplinaria de estudiantes m\u00e1s grande de Europa. Toma su nombre de uno de los lugares de nacimiento de la democracia, el Mar Egeo, y del primer parlamento al iniciarse la Revoluci\u00f3n Francesa, Les Etats G\u00e9n\u00e9raux y promueve una Europa unificada, cooperaci\u00f3n entre pa\u00edses, comunicaci\u00f3n,&hellip; <a href=\"https:\/\/www.locals.aegee.org\/bilbao\/menu-aegee\/que-es-aegee\/\">Read more &rarr;<\/a><\/p>\n","protected":false},"author":1,"featured_media":0,"parent":3194,"menu_order":0,"comment_status":"closed","ping_status":"closed","template":"","meta":{"footnotes":""},"class_list":["post-2534","page","type-page","status-publish","hentry","xfolkentry"],"_links":{"self":[{"href":"https:\/\/www.locals.aegee.org\/bilbao\/wp-json\/wp\/v2\/pages\/2534","targetHints":{"allow":["GET"]}}],"collection":[{"href":"https:\/\/www.locals.aegee.org\/bilbao\/wp-json\/wp\/v2\/pages"}],"about":[{"href":"https:\/\/www.locals.aegee.org\/bilbao\/wp-json\/wp\/v2\/types\/page"}],"author":[{"embeddable":true,"href":"https:\/\/www.locals.aegee.org\/bilbao\/wp-json\/wp\/v2\/users\/1"}],"replies":[{"embeddable":true,"href":"https:\/\/www.locals.aegee.org\/bilbao\/wp-json\/wp\/v2\/comments?post=2534"}],"version-history":[{"count":10,"href":"https:\/\/www.locals.aegee.org\/bilbao\/wp-json\/wp\/v2\/pages\/2534\/revisions"}],"predecessor-version":[{"id":3315,"href":"https:\/\/www.locals.aegee.org\/bilbao\/wp-json\/wp\/v2\/pages\/2534\/revisions\/3315"}],"up":[{"embeddable":true,"href":"https:\/\/www.locals.aegee.org\/bilbao\/wp-json\/wp\/v2\/pages\/3194"}],"wp:attachment":[{"href":"https:\/\/www.locals.aegee.org\/bilbao\/wp-json\/wp\/v2\/media?parent=2534"}],"curies":[{"name":"wp","href":"https:\/\/api.w.org\/{rel}","templated":true}]}}