{"id":1760,"date":"2013-04-09T22:33:37","date_gmt":"2013-04-09T22:33:37","guid":{"rendered":"http:\/\/www.aegeebilbao.org\/?page_id=1760"},"modified":"2019-02-18T09:37:16","modified_gmt":"2019-02-18T09:37:16","slug":"3-estoy-tan-impresionado-que-me-he-perdido-algunas-cosas","status":"publish","type":"page","link":"https:\/\/www.locals.aegee.org\/bilbao\/menu-summer-universities\/3-estoy-tan-impresionado-que-me-he-perdido-algunas-cosas\/","title":{"rendered":"Pregunts frecuentes"},"content":{"rendered":"<p>Estoy tan impresionado que me he perdido algunas cosas&#8230;Tranquilo, a casi todos nos ha pasado. Aqu\u00ed respondemos a las preguntas m\u00e1s frecuentes.<\/p>\n<h2>\u00bfC\u00f3mo se puede organizar una SU con s\u00f3lo 185\u20ac por persona?<\/h2>\n<p>Porque cada sede organizadora se preocupa de pedir subvenciones a las universidades as\u00ed como a las administraciones p\u00fablicas y empresas privadas con el fin de obtener alojamientos con precio reducido, comidas baratas en restaurantes, patrocinios en especie, etc. \u00a1Es un gran trabajo voluntario y desinteresado el que hacen los organizadores! En resumen: para organizar cualquier evento, AEGEE cuenta con tres fuentes de financiaci\u00f3n: las cuotas anuales de socios, las cuotas del evento espec\u00edfico (en este caso unos 185 euros), y subvenciones y patrocinios (tanto de instituciones p\u00fablicas como de empresas privadas). Es decir, est\u00e1s pagando menos de lo que realmente cuesta.<\/p>\n<hr \/>\n<h2>\u00bfC\u00f3mo me puedo poner en contacto con los organizadores de una SU?<\/h2>\n<p>Una vez est\u00e1s dentro de la descripci\u00f3n de la SU, en la parte izquierda hay un apartado en el que pone &#8216;Email&#8217;. Ese es el email oficial a trav\u00e9s del cual podr\u00e1s ponerte en contacto con la organizaci\u00f3n de la SU.<\/p>\n<hr \/>\n<h2>\u00bfTengo que ir por mi cuenta hasta donde sea la SU?<\/h2>\n<p>S\u00ed, tienes que viajar por tu cuenta hasta donde se realice la SU. Un consejo: si cuando vas a comprar el vuelo resulta que un d\u00eda antes o un d\u00eda despu\u00e9s es m\u00e1s barato comprarlo, puedes ponerte en contacto con los organizadores y seguramente te puedan alojar en sus casas esos d\u00edas. Y si vais varios desde Espa\u00f1a (cuando publiquen la lista de seleccionados lo sabr\u00e1s), quiz\u00e1 quieras ponerte en contacto con los otros para ir juntos si es que viv\u00eds cerca&#8230; Una vez ya est\u00e1n seleccionados todos los participantes de una SU, los organizadores suelen crear una lista de correo o un foro donde pod\u00e9is comunicaros todos los participantes y con los organizadores. Ah\u00ed los organizadores os enviar\u00e1n toda la informaci\u00f3n sobre c\u00f3mo llegar, sobre la forma de pagar&#8230; deb\u00e9is leer el email a diario.<\/p>\n<hr \/>\n<h2>\u00bfHay un ejemplo de carta de motivaci\u00f3n?<\/h2>\n<p>No, eso es algo que tienes que hacer t\u00fa. Pero te ayudaremos.<\/p>\n<hr \/>\n<h2>\u00bfPuedo irme con alg\u00fan amigo a la misma SU?<\/h2>\n<p>El proceso de solicitud es individual, por lo tanto, no hay ninguna garant\u00eda de que algo as\u00ed suceda, aunque puedes intentarlo. Si vas a una SU, vas a un pa\u00eds diferente, vas a aprender cosas nuevas, a conocer otra cultura, otro pa\u00eds y otra gente, es una aventura que debes descubrir t\u00fa mismo!<\/p>\n<hr \/>\n<h2>\u00bfTengo alguna obligaci\u00f3n con respecto a AEGEE?<\/h2>\n<p>No, AEGEE es una asociaci\u00f3n voluntaria. El \u00fanico requisito es el pago de la cuota anual. Por otra parte, toda ayuda a la gente que mueve AEGEE en tu ciudad ser\u00e1 siempre bienvenida, y si decides formar parte de la junta, siempre hay un hueco para ti!!<\/p>\n<hr \/>\n<h2>\u00bfHace falta saber ingl\u00e9s si quiero irme de viaje?<\/h2>\n<p>El ingl\u00e9s es el idioma oficial de AEGEE, si no tienes unos conocimientos b\u00e1sicos de este idioma puede resultarte muy dif\u00edcil comunicarte all\u00e1 donde vayas. No obstante, descubrir\u00e1s que no todo el mundo tiene un nivel de ingl\u00e9s adecuado, \u00a1y que sabes m\u00e1s ingl\u00e9s del que crees!<\/p>\n<p>Adem\u00e1s siempre se puede recurrir a otras t\u00e9cnicas como el body language (lenguaje corporal no exactamente\u2026. m\u00e1s bien por gestos) ;-). Y si lo que quieres es practicar o mejorar tu ingl\u00e9s&#8230; \u00a1no lo dudes est\u00e1s en el lugar adecuado!<\/p>\n<hr \/>\n<h2>\u00bfSe ofrece comida especial en los eventos?<\/h2>\n<p>Si. Tanto a los vegetarianos y celiacos como a los que no puedan comer carne de cerdo u otro tipo de comidas se les ofrecer\u00e1 una alternativa, sea cual sea el motivo. Pero deben avisar de ellos y se har\u00e1 todo lo posible por ofrecer una alternativa.<\/p>\n<hr \/>\n<h2>\u00bfPor qu\u00e9 tengo que escribir tres cartas para tres lugares distintos?<\/h2>\n<p>Bien, esto es s\u00f3lo una recomendaci\u00f3n. Puedes escribir s\u00f3lo una carta y enviarla al destino que selecciones (si s\u00f3lo te gusta ese o tienes muchas ganas de ir a ese sitio y no quieres otro). En caso de hacer esto, tu carta ir\u00e1 a ese destino directamente. No importa si hay 30 o 300 personas que hayan enviado su carta al mismo sitio, ir\u00e1 a ese lugar y ser\u00e1 le\u00edda por los organizadores.<\/p>\n<p>Sin embargo, si escribes tres cartas a tus tres sitios preferidos, tendr\u00e1s m\u00e1s opciones a irte a una de esas 3 SU, ya que el sistema de aplicaciones de AEGEE enviar\u00e1 tu carta al sitio de esos 3 en el que m\u00e1s oportunidades de entrar tengas. Si tu destino A tiene 50 aplicaciones, tu destino B 80 y el C 20, tu carta ir\u00e1 al destino C, ya que al tener menos \u00abcompetencia\u00bb es el sitio en el que m\u00e1s posibilidades de ser elegido tienes.<\/p>\n<hr \/>\n<h2>\u00bfQui\u00e9n gana dinero con una SU?<\/h2>\n<p>NADIE. Los miembros de AEGEE repartidos por toda Europa se mueven por unos fines bien alejados del inter\u00e9s econ\u00f3mico.<\/p>\n<p>Para nosotros, el conocer gente nueva, viajar por poco dinero, aprender idiomas, culturas, modos de vida y mentalidades diferentes es suficiente pago por el esfuerzo que realizamos.<\/p>\n<hr \/>\n<h2>Aun tengo dudas \u00bfqu\u00e9 hago?<\/h2>\n<p>Si despu\u00e9s de todo eso a\u00fan tienes dudas, contacta con nosotros mediante el siguiente correo a<br \/>\naegee-bilbao@aegee.eu<br \/>\n<a href=\"mailto:aegeebilbao@gmail.com\"><img loading=\"lazy\" decoding=\"async\" class=\"wp-image-3375 aligncenter\" src=\"http:\/\/aegeebilbao.org\/wp-content\/uploads\/2013\/04\/Gmail_29991-300x300.png\" alt=\"gmail_29991\" width=\"135\" height=\"135\" srcset=\"https:\/\/www.locals.aegee.org\/bilbao\/wp-content\/uploads\/2013\/04\/Gmail_29991-300x300.png 300w, https:\/\/www.locals.aegee.org\/bilbao\/wp-content\/uploads\/2013\/04\/Gmail_29991-150x150.png 150w, https:\/\/www.locals.aegee.org\/bilbao\/wp-content\/uploads\/2013\/04\/Gmail_29991-100x100.png 100w, https:\/\/www.locals.aegee.org\/bilbao\/wp-content\/uploads\/2013\/04\/Gmail_29991.png 512w\" sizes=\"auto, (max-width: 135px) 100vw, 135px\" \/><\/a><\/p>\n<hr \/>\n<p>&nbsp;<\/p>\n","protected":false},"excerpt":{"rendered":"<p class=\"excerpt\">Estoy tan impresionado que me he perdido algunas cosas&#8230;Tranquilo, a casi todos nos ha pasado. Aqu\u00ed respondemos a las preguntas m\u00e1s frecuentes. \u00bfC\u00f3mo se puede organizar una SU con s\u00f3lo 185\u20ac por persona? Porque cada sede organizadora se preocupa de pedir subvenciones a las universidades as\u00ed como a las administraciones p\u00fablicas y empresas privadas con el fin de obtener alojamientos&hellip; <a href=\"https:\/\/www.locals.aegee.org\/bilbao\/menu-summer-universities\/3-estoy-tan-impresionado-que-me-he-perdido-algunas-cosas\/\">Read more &rarr;<\/a><\/p>\n","protected":false},"author":1,"featured_media":0,"parent":3213,"menu_order":2,"comment_status":"open","ping_status":"closed","template":"","meta":{"footnotes":""},"class_list":["post-1760","page","type-page","status-publish","hentry","xfolkentry"],"_links":{"self":[{"href":"https:\/\/www.locals.aegee.org\/bilbao\/wp-json\/wp\/v2\/pages\/1760","targetHints":{"allow":["GET"]}}],"collection":[{"href":"https:\/\/www.locals.aegee.org\/bilbao\/wp-json\/wp\/v2\/pages"}],"about":[{"href":"https:\/\/www.locals.aegee.org\/bilbao\/wp-json\/wp\/v2\/types\/page"}],"author":[{"embeddable":true,"href":"https:\/\/www.locals.aegee.org\/bilbao\/wp-json\/wp\/v2\/users\/1"}],"replies":[{"embeddable":true,"href":"https:\/\/www.locals.aegee.org\/bilbao\/wp-json\/wp\/v2\/comments?post=1760"}],"version-history":[{"count":4,"href":"https:\/\/www.locals.aegee.org\/bilbao\/wp-json\/wp\/v2\/pages\/1760\/revisions"}],"predecessor-version":[{"id":3744,"href":"https:\/\/www.locals.aegee.org\/bilbao\/wp-json\/wp\/v2\/pages\/1760\/revisions\/3744"}],"up":[{"embeddable":true,"href":"https:\/\/www.locals.aegee.org\/bilbao\/wp-json\/wp\/v2\/pages\/3213"}],"wp:attachment":[{"href":"https:\/\/www.locals.aegee.org\/bilbao\/wp-json\/wp\/v2\/media?parent=1760"}],"curies":[{"name":"wp","href":"https:\/\/api.w.org\/{rel}","templated":true}]}}