{"id":1694,"date":"2013-04-01T19:24:43","date_gmt":"2013-04-01T19:24:43","guid":{"rendered":"http:\/\/www.aegeebilbao.org\/?page_id=1694"},"modified":"2022-04-09T09:43:51","modified_gmt":"2022-04-09T09:43:51","slug":"formo2","status":"publish","type":"page","link":"https:\/\/www.locals.aegee.org\/bilbao\/menu-aegee-bilbao\/formo2\/","title":{"rendered":"\u00a1Hazte socio!"},"content":{"rendered":"<h2 style=\"text-align: justify;\">\u00bfQu\u00e9 requisitos necesitas para pertenecer a AEGEE-Bilbao?<\/h2>\n<p style=\"text-align: justify;\">En AEGEE-Bilbao <strong>todo el mundo tiene cabida<\/strong>. Da igual si estudias o trabajas. El \u00fanico requisito es\u00a0muy sencillo: tener entre 18 y 30 a\u00f1os. Si cumples con esta formalidad\u00a0podr\u00e1s decir que puedes pasar a formar parte de la <strong>mayor asociaci\u00f3n de estudiantes de Europa<\/strong>.<\/p>\n<h3 style=\"text-align: justify;\">\u00bfC\u00f3mo paso a ser socio de AEGEE-Bilbao?<\/h3>\n<p style=\"text-align: justify;\"><strong>Para hacerte socio<\/strong> de AEGEE-Bilbao tendr\u00e1s que seguir tan s\u00f3lo estos\u00a0<strong>4 sencillos pasos<\/strong>:<\/p>\n<hr \/>\n<div style=\"text-align: justify;\">\n<p style=\"padding-left: 30px;\">1\u00ba &#8211; <strong>Rellenar este formulario<\/strong> para que tengamos nosotros la informaci\u00f3n necesaria para poder informarte de todas nuestras actividades y noticias:<\/p>\n<\/div>\n<div><\/div>\n<p><iframe loading=\"lazy\" src=\"https:\/\/docs.google.com\/forms\/d\/e\/1FAIpQLSdNghAleQ3OjwIjNGi4dHyZACAqkTo8dI4aXVvDBI-r-MIa2w\/viewform?embedded=true\" width=\"640\" height=\"4100\" frameborder=\"0\" marginheight=\"0\" marginwidth=\"0\">Cargando\u2026<\/iframe><\/p>\n<hr \/>\n<p style=\"padding-left: 30px;\">2\u00ba &#8211;\u00a0<strong>Ingresar la cuota de socio anual<\/strong>. \u00c9stos son los datos de la transferencia:<\/p>\n<p>Titular: AEGEE-Bilbao<br \/>\nEntidad: Kutxabank<br \/>\nN\u00famero de cuenta: 2095 0010 40 9110546161<br \/>\nIBAN: ES08 2095 0010 40 9110546161<br \/>\nConcepto: Nombre y apellidos<br \/>\nImporte. 25\u20ac (incluye cuota anual y camiseta de AEGEE-Bilbao) el primer a\u00f1o.*<\/p>\n<p>*Los consiguientes a\u00f1os el importe de la cuota anual ser\u00e1 de 20\u20ac al a\u00f1o.<\/p>\n<div>\n<hr \/>\n<\/div>\n<div style=\"padding-left: 30px;\">3\u00ba &#8211;\u00a0<strong>Haznos llegar el resguardo.<\/strong><\/div>\n<div><\/div>\n<div><strong>Escan\u00e9alo o m\u00e1ndanos el correo de confirmaci\u00f3n<\/strong> de la transferencia bancaria anterior a <strong>aegee-bilbao@aegee.eu.\u00a0<\/strong>En este correo deber\u00e1s introducir\u00a0tu nombre completo y DNI. Una vez confirmemos el pago y tu formulario de solicitud completo, <strong>recibir\u00e1s un correo electr\u00f3nico\u00a0de bienvenida<\/strong> con m\u00e1s informaci\u00f3n sobre la asociaci\u00f3n.<\/div>\n<div>\n<hr \/>\n<\/div>\n<div><\/div>\n<div style=\"padding-left: 30px;\">4\u00ba &#8211;\u00a0<strong>Registrarte en la p\u00e1gina web general de AEGEE-Europa<\/strong> siguiendo los siguientes pasos:<\/div>\n<div><\/div>\n<div>1) Ir a la web\u00a0<a href=\"https:\/\/my.aegee.eu\/signup\/BLB00\">https:\/\/my.aegee.eu\/signup\/BLB00\u00a0<\/a><br \/>\n2) Rellena los datos y acepta<\/div>\n<div>3) Ir a la web <a href=\"https:\/\/www.intranet.aegee.org\/login\/signUp\">https:\/\/www.intranet.aegee.org\/login\/signUp <\/a>y hacer lo mismo que en el caso anterior.<br \/>\n3) Te llegar\u00e1 un mail a tu cuenta con un link, para que confirmes el registro.<br \/>\n4) Se nos env\u00eda a nosotros un mail para que confirmemos que eres socio\u00a0de AEGEE-Bilbao<br \/>\n5) Te llegar\u00e1 un mail acept\u00e1ndote como socio y con tu USERNAME (nombre\u00a0y apellidos) y PASSWORD (lo puedes cambiar en tu perfil)<\/div>\n<div><\/div>\n<div>Si falla algo o que no te llega alg\u00fan e-mail de confirmaci\u00f3n, m\u00e1ndanos\u00a0un mensaje.<br \/>\nDespu\u00e9s ya podr\u00e1s entrar en la p\u00e1gina tanto por\u00a0<a href=\"http:\/\/www.aegee.org\/\" target=\"_blank\">www.aegee.org<\/a>, como\u00a0por tu perfil.<\/div>\n<div><\/div>\n<div>\n<h2 style=\"text-align: justify;\"><a href=\"http:\/\/aegeebilbao.org\/wp-content\/uploads\/2016\/05\/logo.png\"><img loading=\"lazy\" decoding=\"async\" class=\" wp-image-3033 aligncenter\" src=\"http:\/\/aegeebilbao.org\/wp-content\/uploads\/2016\/05\/logo-300x175.png\" alt=\"logo\" width=\"338\" height=\"197\" srcset=\"https:\/\/www.locals.aegee.org\/bilbao\/wp-content\/uploads\/2016\/05\/logo-300x175.png 300w, https:\/\/www.locals.aegee.org\/bilbao\/wp-content\/uploads\/2016\/05\/logo-768x448.png 768w, https:\/\/www.locals.aegee.org\/bilbao\/wp-content\/uploads\/2016\/05\/logo.png 800w\" sizes=\"auto, (max-width: 338px) 100vw, 338px\" \/><\/a><\/h2>\n<\/div>\n<div>\n<hr \/>\n<\/div>\n<p><strong>Aviso:<\/strong>\u00a0 Tus datos ser\u00e1n almacenados\u00a0de <strong>manera confidencial<\/strong> en la base de datos de AEGEE-Bilbao. Siempre tendr\u00e1s acceso a ellos y podr\u00e1s modificarlos o cancelarlos poni\u00e9ndote en contacto con nosotros.<\/p>\n<p><strong>Ayuda:<\/strong>\u00a0Si tienes cualquier duda siempre puedes preguntarnos directamente a\u00a0nosotros mediante nuestro correo electr\u00f3nico (aegee-bilbao@aegee.eu)<\/p>\n<p>&nbsp;<\/p>\n","protected":false},"excerpt":{"rendered":"<p class=\"excerpt\">\u00bfQu\u00e9 requisitos necesitas para pertenecer a AEGEE-Bilbao? En AEGEE-Bilbao todo el mundo tiene cabida. Da igual si estudias o trabajas. El \u00fanico requisito es\u00a0muy sencillo: tener entre 18 y 30 a\u00f1os. Si cumples con esta formalidad\u00a0podr\u00e1s decir que puedes pasar a formar parte de la mayor asociaci\u00f3n de estudiantes de Europa. \u00bfC\u00f3mo paso a ser socio de AEGEE-Bilbao? Para hacerte&hellip; <a href=\"https:\/\/www.locals.aegee.org\/bilbao\/menu-aegee-bilbao\/formo2\/\">Read more &rarr;<\/a><\/p>\n","protected":false},"author":1,"featured_media":0,"parent":3198,"menu_order":0,"comment_status":"closed","ping_status":"closed","template":"","meta":{"footnotes":""},"class_list":["post-1694","page","type-page","status-publish","hentry","xfolkentry"],"_links":{"self":[{"href":"https:\/\/www.locals.aegee.org\/bilbao\/wp-json\/wp\/v2\/pages\/1694","targetHints":{"allow":["GET"]}}],"collection":[{"href":"https:\/\/www.locals.aegee.org\/bilbao\/wp-json\/wp\/v2\/pages"}],"about":[{"href":"https:\/\/www.locals.aegee.org\/bilbao\/wp-json\/wp\/v2\/types\/page"}],"author":[{"embeddable":true,"href":"https:\/\/www.locals.aegee.org\/bilbao\/wp-json\/wp\/v2\/users\/1"}],"replies":[{"embeddable":true,"href":"https:\/\/www.locals.aegee.org\/bilbao\/wp-json\/wp\/v2\/comments?post=1694"}],"version-history":[{"count":23,"href":"https:\/\/www.locals.aegee.org\/bilbao\/wp-json\/wp\/v2\/pages\/1694\/revisions"}],"predecessor-version":[{"id":3735,"href":"https:\/\/www.locals.aegee.org\/bilbao\/wp-json\/wp\/v2\/pages\/1694\/revisions\/3735"}],"up":[{"embeddable":true,"href":"https:\/\/www.locals.aegee.org\/bilbao\/wp-json\/wp\/v2\/pages\/3198"}],"wp:attachment":[{"href":"https:\/\/www.locals.aegee.org\/bilbao\/wp-json\/wp\/v2\/media?parent=1694"}],"curies":[{"name":"wp","href":"https:\/\/api.w.org\/{rel}","templated":true}]}}